{"id":1188,"date":"2023-01-18T17:01:50","date_gmt":"2023-01-18T15:01:50","guid":{"rendered":"https:\/\/dev.zezz.ee\/garden\/toode\/calamagrostis-x-acutiflora-karl-foerster\/"},"modified":"2026-02-18T16:20:29","modified_gmt":"2026-02-18T14:20:29","slug":"calamagrostis-x-acutiflora-karl-foerster","status":"publish","type":"product","link":"https:\/\/dev.garden.ee\/en\/product\/calamagrostis-x-acutiflora-karl-foerster\/","title":{"rendered":"Calamagrostis \u00d7 acutiflora &#8216;Karl Foerster&#8217;"},"content":{"rendered":"<input class=\"fooboxshare_post_id\" type=\"hidden\" value=\"1188\"\/>","protected":false},"excerpt":{"rendered":"<p>Valitud parimaks p\u00fcsikuks 2001 aastal. Kevadel \u00fcks varasemalt t\u00e4rkavaid k\u00f5rrelisi. Kasv on tugevalt p\u00fcstine, puhmikuline. Kogu lehestik on tumeroheline. Nooljad, teravatipulised \u00f5isikud ilmuvad suvel, muutudes j\u00e4rjest nisukollasemaks. On heaks taustaks madalamatele p\u00fcsikutele, moodustab tiheda p\u00fcstise sirmi. Samas on taim kaunis soolotaimena. Kasvab ka konteineris.\u00a0Eelmise aasta kasv on talvel atraktiivne, l\u00f5ika alles varakevadel maha.<\/p>\n<p>Kaaslastena sobivad nt\u00a0Stipa gigantea,\u00a0Helenium &#8216;Moerheim Beauty&#8217;<em>. Vt all &#8211; seotud tooted.\u00a0<\/em><\/p>","protected":false},"featured_media":1189,"template":"","meta":[],"product_brand":[],"product_cat":[4407,4400,4415,4401,22],"product_tag":[],"class_list":{"0":"post-1188","1":"product","2":"type-product","3":"status-publish","4":"has-post-thumbnail","6":"product_cat-aasad","7":"product_cat-korrelised","8":"product_cat-lilleaed","9":"product_cat-pusikud","10":"product_cat-taimed","11":"pa_haiguskindlus-vaga-hea","12":"pa_kasvukorgus-120-cm","13":"pa_laius-60-70-cm","14":"pa_lisainfo-janese-kahjustustele-vastupidav","15":"pa_oie-varv-beez","16":"pa_oitsemise-aeg-juuni-september","17":"pa_talvekindlus-vaga-hea","18":"pa_tingimused-hea-drenaaz","19":"pa_tingimused-kuiv","20":"pa_tingimused-parasniiske","21":"pa_tsoon-3-9","22":"pa_valguse-tingimused-paike","23":"pa_valguse-tingimused-poolvari","24":"pa_variatsioon-suurem-pott","25":"pa_variatsioon-vaiksem-pott","27":"first","28":"instock","29":"purchasable","30":"product-type-variable"},"acf":[],"_links":{"self":[{"href":"https:\/\/dev.garden.ee\/en\/wp-json\/wp\/v2\/product\/1188","targetHints":{"allow":["GET"]}}],"collection":[{"href":"https:\/\/dev.garden.ee\/en\/wp-json\/wp\/v2\/product"}],"about":[{"href":"https:\/\/dev.garden.ee\/en\/wp-json\/wp\/v2\/types\/product"}],"wp:featuredmedia":[{"embeddable":true,"href":"https:\/\/dev.garden.ee\/en\/wp-json\/wp\/v2\/media\/1189"}],"wp:attachment":[{"href":"https:\/\/dev.garden.ee\/en\/wp-json\/wp\/v2\/media?parent=1188"}],"wp:term":[{"taxonomy":"product_brand","embeddable":true,"href":"https:\/\/dev.garden.ee\/en\/wp-json\/wp\/v2\/product_brand?post=1188"},{"taxonomy":"product_cat","embeddable":true,"href":"https:\/\/dev.garden.ee\/en\/wp-json\/wp\/v2\/product_cat?post=1188"},{"taxonomy":"product_tag","embeddable":true,"href":"https:\/\/dev.garden.ee\/en\/wp-json\/wp\/v2\/product_tag?post=1188"}],"curies":[{"name":"wp","href":"https:\/\/api.w.org\/{rel}","templated":true}]}}