{"id":11865,"date":"2023-01-18T18:43:42","date_gmt":"2023-01-18T16:43:42","guid":{"rendered":"https:\/\/dev.zezz.ee\/garden\/toode\/tiamo-uus\/"},"modified":"2026-02-09T19:07:39","modified_gmt":"2026-02-09T17:07:39","slug":"tiamo","status":"publish","type":"product","link":"https:\/\/dev.garden.ee\/en\/product\/tiamo\/","title":{"rendered":"Tiamo\u00ae"},"content":{"rendered":"<input class=\"fooboxshare_post_id\" type=\"hidden\" value=\"11865\"\/>","protected":false},"excerpt":{"rendered":"<p>Sordil on v\u00e4ga t\u00e4idetud nostalgilise kujuga \u00f5ied, mis paiknevad v\u00e4iksemate kobaratena ja on ilmastikule v\u00e4ga kenasti vastupidavad. L\u00e4ikiv lehestik, millel v\u00e4ga hea haiguskindlus. \u00d5ite suurus ulatub 8 kuni 10 cm-ni.<\/p>","protected":false},"featured_media":11866,"template":"","meta":[],"product_brand":[],"product_cat":[9702,4413,9550,4416,4402,22],"product_tag":[9417],"class_list":{"0":"post-11865","1":"product","2":"type-product","3":"status-publish","4":"has-post-thumbnail","6":"product_cat-linnaaed","7":"product_cat-loikelilleaed","8":"product_cat-rodu-ja-terrass","9":"product_cat-roosiaed","10":"product_cat-roosid","11":"product_cat-taimed","12":"product_tag-soodushind-50","13":"pa_aretus-w-kordes-sohne","14":"pa_avalikustamisaasta-saksamaa-2018","15":"pa_haiguskindlus-vaga-hea","16":"pa_kollektsioon-antique","17":"pa_kollektsioon-eleganza","18":"pa_laius-50-cm","19":"pa_lisainfo-sobib-loikelilleks","20":"pa_lohn-keskmine","21":"pa_oie-suurus-suur","22":"pa_oie-varv-punane","23":"pa_oietuup-taidisois","24":"pa_oitsemine-korduvalt-oitsev","25":"pa_sort-teehubriidroos","26":"pa_taimede-arvestus-ruutmeetri-4-5","27":"pa_talvekindlus-hea","28":"pa_variatsioon-potis-2l-kevadel","29":"pa_variatsioon-potis-4-6l-suvel-ja-sugisel","30":"pa_variatsioon-tuviroos-paljasjuurne-ainult-kevadel","31":"pa_variatsioon-tuviroos-potis-5l","32":"pa_variatsioon-tuviroos-potis-suvel-ja-sugisel","34":"first","35":"instock","36":"sale","37":"purchasable","38":"product-type-variable"},"acf":[],"_links":{"self":[{"href":"https:\/\/dev.garden.ee\/en\/wp-json\/wp\/v2\/product\/11865","targetHints":{"allow":["GET"]}}],"collection":[{"href":"https:\/\/dev.garden.ee\/en\/wp-json\/wp\/v2\/product"}],"about":[{"href":"https:\/\/dev.garden.ee\/en\/wp-json\/wp\/v2\/types\/product"}],"wp:featuredmedia":[{"embeddable":true,"href":"https:\/\/dev.garden.ee\/en\/wp-json\/wp\/v2\/media\/11866"}],"wp:attachment":[{"href":"https:\/\/dev.garden.ee\/en\/wp-json\/wp\/v2\/media?parent=11865"}],"wp:term":[{"taxonomy":"product_brand","embeddable":true,"href":"https:\/\/dev.garden.ee\/en\/wp-json\/wp\/v2\/product_brand?post=11865"},{"taxonomy":"product_cat","embeddable":true,"href":"https:\/\/dev.garden.ee\/en\/wp-json\/wp\/v2\/product_cat?post=11865"},{"taxonomy":"product_tag","embeddable":true,"href":"https:\/\/dev.garden.ee\/en\/wp-json\/wp\/v2\/product_tag?post=11865"}],"curies":[{"name":"wp","href":"https:\/\/api.w.org\/{rel}","templated":true}]}}