{"id":11854,"date":"2023-01-18T18:43:35","date_gmt":"2023-01-18T16:43:35","guid":{"rendered":"https:\/\/dev.zezz.ee\/garden\/toode\/achillea-lewisii-king-edward-uus\/"},"modified":"2026-02-13T11:12:55","modified_gmt":"2026-02-13T09:12:55","slug":"achillea-lewisii-king-edward-uus","status":"publish","type":"product","link":"https:\/\/dev.garden.ee\/en\/product\/achillea-lewisii-king-edward-uus\/","title":{"rendered":"Achillea lewisii &#8216;King Edward&#8217;"},"content":{"rendered":"<input class=\"fooboxshare_post_id\" type=\"hidden\" value=\"11854\"\/>","protected":false},"excerpt":{"rendered":"<p>Madalakasvuline raudrohu sort, mis sobib k\u00f5nniteede \u00e4\u00e4ristuseks ja ka kiviktaimlmasse.\u00a0Sordil on v\u00e4ikesed kollased \u00f5ied, mis moodustavad keskmiseid kobaraid, hallikasroheline puhma moodustav lehestik. Tegemist on v\u00e4hen\u00f5udliku taimega, mis sobib t\u00e4itma taimealas ka pisemaid auke.\u00a0K\u00f5ige paremini tunneb end taim kuivemas, p\u00e4ikeselisemas ja kindlasti tuulevaikses kasvukohas.<\/p>\n<p>Hooldus: Raudrohud n\u00e4evad v\u00e4rskemad v\u00e4lja, kui nende n\u00e4rbunud \u00f5ied pidevalt \u00e4ra l\u00f5igata. Iga 2-3 aasta j\u00e4rel tuleks taime jagada.<\/p>","protected":false},"featured_media":11855,"template":"","meta":[],"product_brand":[],"product_cat":[4407,4415,4413,4401,22],"product_tag":[],"class_list":{"0":"post-11854","1":"product","2":"type-product","3":"status-publish","4":"has-post-thumbnail","6":"product_cat-aasad","7":"product_cat-lilleaed","8":"product_cat-loikelilleaed","9":"product_cat-pusikud","10":"product_cat-taimed","11":"pa_haiguskindlus-vaga-hea","12":"pa_lisainfo-janese-kahjustustele-vastupidav","13":"pa_lohn-lohnav","14":"pa_moodud-k-15-20-cm","15":"pa_moodud-l-20-30-cm","16":"pa_oie-varv-kollane","17":"pa_oitsemise-aeg-juuni","18":"pa_talvekindlus-vaga-hea","19":"pa_tingimused-hea-drenaaz","20":"pa_tingimused-kuivema-poolsem","21":"pa_tsoon-z-3-9","22":"pa_valguse-tingimused-paike","23":"pa_variatsioon-suurem-pott","24":"pa_variatsioon-vaiksem-pott","26":"first","27":"instock","28":"purchasable","29":"product-type-variable"},"acf":[],"_links":{"self":[{"href":"https:\/\/dev.garden.ee\/en\/wp-json\/wp\/v2\/product\/11854","targetHints":{"allow":["GET"]}}],"collection":[{"href":"https:\/\/dev.garden.ee\/en\/wp-json\/wp\/v2\/product"}],"about":[{"href":"https:\/\/dev.garden.ee\/en\/wp-json\/wp\/v2\/types\/product"}],"wp:featuredmedia":[{"embeddable":true,"href":"https:\/\/dev.garden.ee\/en\/wp-json\/wp\/v2\/media\/11855"}],"wp:attachment":[{"href":"https:\/\/dev.garden.ee\/en\/wp-json\/wp\/v2\/media?parent=11854"}],"wp:term":[{"taxonomy":"product_brand","embeddable":true,"href":"https:\/\/dev.garden.ee\/en\/wp-json\/wp\/v2\/product_brand?post=11854"},{"taxonomy":"product_cat","embeddable":true,"href":"https:\/\/dev.garden.ee\/en\/wp-json\/wp\/v2\/product_cat?post=11854"},{"taxonomy":"product_tag","embeddable":true,"href":"https:\/\/dev.garden.ee\/en\/wp-json\/wp\/v2\/product_tag?post=11854"}],"curies":[{"name":"wp","href":"https:\/\/api.w.org\/{rel}","templated":true}]}}