{"id":11848,"date":"2023-01-18T18:43:31","date_gmt":"2023-01-18T16:43:31","guid":{"rendered":"https:\/\/dev.zezz.ee\/garden\/toode\/acer-palmatum-bloodgood-uus\/"},"modified":"2023-04-18T15:32:49","modified_gmt":"2023-04-18T12:32:49","slug":"acer-palmatum-bloodgood-uus","status":"publish","type":"product","link":"https:\/\/dev.garden.ee\/en\/product\/acer-palmatum-bloodgood-uus\/","title":{"rendered":"Acer palmatum &#8216;Bloodgood&#8217;"},"content":{"rendered":"<input class=\"fooboxshare_post_id\" type=\"hidden\" value=\"11848\"\/>","protected":false},"excerpt":{"rendered":"<p>\u00dcks kauneimaid purpurse lehestikuga vahtraid. T\u00f5elise pilgup\u00fc\u00fcdjana pakub suurem p\u00f5\u00f5sas, v\u00e4iksem puu p\u00f5nevust terve hooaja v\u00e4ltel. Kevadel valmivad purpurpunaste lehtede vahel pisikesed lillad \u00f5ied, ms l\u00e4hedalt vaadeldes v\u00f5rratult ilusad, eemalt aga pigem v\u00e4hem silmatorkavad. S\u00fcgiseks valmivad \u00f5itest punased viljad. S\u00fcgisel kui krimsonpunaseks muutunud lehed l\u00f5puks langevad paljastub punakasmustjas t\u00fcvi, mis toob j\u00e4llegi omajagu teistsugust p\u00f5nevust talvisesse maastikku.<\/p>","protected":false},"featured_media":11849,"template":"","meta":[],"product_brand":[],"product_cat":[4403,4406,4396,22],"product_tag":[],"class_list":{"0":"post-11848","1":"product","2":"type-product","3":"status-publish","4":"has-post-thumbnail","6":"product_cat-kodu","7":"product_cat-park","8":"product_cat-puud-ja-poosad","9":"product_cat-taimed","10":"pa_moodud-k-5-m-l-5-m","11":"pa_oie-varv-lilla","12":"pa_oitsemise-aeg-mai","13":"pa_variatsioon-puu-h-60-80-cm","14":"pa_variatsioon-puu-h-80-100-cm","16":"first","17":"instock","18":"taxable","19":"shipping-taxable","20":"purchasable","21":"product-type-variable"},"acf":[],"_links":{"self":[{"href":"https:\/\/dev.garden.ee\/en\/wp-json\/wp\/v2\/product\/11848","targetHints":{"allow":["GET"]}}],"collection":[{"href":"https:\/\/dev.garden.ee\/en\/wp-json\/wp\/v2\/product"}],"about":[{"href":"https:\/\/dev.garden.ee\/en\/wp-json\/wp\/v2\/types\/product"}],"wp:featuredmedia":[{"embeddable":true,"href":"https:\/\/dev.garden.ee\/en\/wp-json\/wp\/v2\/media\/11849"}],"wp:attachment":[{"href":"https:\/\/dev.garden.ee\/en\/wp-json\/wp\/v2\/media?parent=11848"}],"wp:term":[{"taxonomy":"product_brand","embeddable":true,"href":"https:\/\/dev.garden.ee\/en\/wp-json\/wp\/v2\/product_brand?post=11848"},{"taxonomy":"product_cat","embeddable":true,"href":"https:\/\/dev.garden.ee\/en\/wp-json\/wp\/v2\/product_cat?post=11848"},{"taxonomy":"product_tag","embeddable":true,"href":"https:\/\/dev.garden.ee\/en\/wp-json\/wp\/v2\/product_tag?post=11848"}],"curies":[{"name":"wp","href":"https:\/\/api.w.org\/{rel}","templated":true}]}}