{"id":11833,"date":"2023-01-18T18:43:21","date_gmt":"2023-01-18T16:43:21","guid":{"rendered":"https:\/\/dev.zezz.ee\/garden\/toode\/silas-marner-uudis\/"},"modified":"2026-02-09T13:06:59","modified_gmt":"2026-02-09T11:06:59","slug":"silas-marner","status":"publish","type":"product","link":"https:\/\/dev.garden.ee\/en\/product\/silas-marner\/","title":{"rendered":"Silas Marner"},"content":{"rendered":"<input class=\"fooboxshare_post_id\" type=\"hidden\" value=\"11833\"\/>","protected":false},"excerpt":{"rendered":"<p>Pehme keskroosa v\u00e4rvi lihtne roos, mille kroonlehed on tagak\u00fcljel kahvatud ja servadest pleekivad, luues \u00f5rna ilme. Punastel vartel kasvavatel keskmise suurusega kausskujulistel \u00f5itel on l\u00f5dvestunud, peaaegu sassis kroonlehed, mis on asetsenud \u00fcmber atraktiivse n\u00f6\u00f6psilma. Sellel on keskmise tugevusega vana roosi aroom, milles on tunda puuviljaseid sidruni, rohelise banaani ja aprikoosi noote. V\u00e4ga tervislik keskmise suurusega p\u00f5\u00f5sas l\u00e4ikiva tumerohelise lehestiku ja laia, kaarja kasvuga.<\/p>\n<p>Nime saanud George Elioti klassikalise romaani heas\u00fcdamliku kangelase j\u00e4rgi.<\/p>","protected":false},"featured_media":11834,"template":"","meta":[],"product_brand":[],"product_cat":[4413,4416,4402,22],"product_tag":[],"class_list":{"0":"post-11833","1":"product","2":"type-product","3":"status-publish","4":"has-post-thumbnail","6":"product_cat-loikelilleaed","7":"product_cat-roosiaed","8":"product_cat-roosid","9":"product_cat-taimed","10":"pa_aretus-david-austin","11":"pa_avalikustamisaasta-uhendkuningriik-2020","12":"pa_haiguskindlus-vaga-hea","13":"pa_kasvukorgus-110-cm","14":"pa_laius-120-140-cm","15":"pa_lisainfo-sobib-loikelilleks","16":"pa_lisainfo-sobib-osalise-varjuga-kasvualale","17":"pa_lohn-keskmine","18":"pa_lohn-puuviljane","19":"pa_lohn-vana-roos","20":"pa_oie-suurus-keskmine","21":"pa_oie-varv-roosa","22":"pa_oietuup-taidisois","23":"pa_oitsemine-korduvalt-oitsev","24":"pa_sort-poosasroos","25":"pa_taimede-arvestus-ruutmeetri-9220","26":"pa_talvekindlus-vaga-hea","27":"pa_variatsioon-paljasjuurne-ainult-kevadel","28":"pa_variatsioon-potis-4-6l","29":"pa_variatsioon-potis-4-6l-suvel-ja-sugisel","31":"first","32":"instock","33":"purchasable","34":"product-type-variable"},"acf":[],"_links":{"self":[{"href":"https:\/\/dev.garden.ee\/en\/wp-json\/wp\/v2\/product\/11833","targetHints":{"allow":["GET"]}}],"collection":[{"href":"https:\/\/dev.garden.ee\/en\/wp-json\/wp\/v2\/product"}],"about":[{"href":"https:\/\/dev.garden.ee\/en\/wp-json\/wp\/v2\/types\/product"}],"wp:featuredmedia":[{"embeddable":true,"href":"https:\/\/dev.garden.ee\/en\/wp-json\/wp\/v2\/media\/11834"}],"wp:attachment":[{"href":"https:\/\/dev.garden.ee\/en\/wp-json\/wp\/v2\/media?parent=11833"}],"wp:term":[{"taxonomy":"product_brand","embeddable":true,"href":"https:\/\/dev.garden.ee\/en\/wp-json\/wp\/v2\/product_brand?post=11833"},{"taxonomy":"product_cat","embeddable":true,"href":"https:\/\/dev.garden.ee\/en\/wp-json\/wp\/v2\/product_cat?post=11833"},{"taxonomy":"product_tag","embeddable":true,"href":"https:\/\/dev.garden.ee\/en\/wp-json\/wp\/v2\/product_tag?post=11833"}],"curies":[{"name":"wp","href":"https:\/\/api.w.org\/{rel}","templated":true}]}}