{"id":1183,"date":"2023-01-18T17:01:47","date_gmt":"2023-01-18T15:01:47","guid":{"rendered":"https:\/\/dev.zezz.ee\/garden\/toode\/calamagrostis-brachytricha\/"},"modified":"2026-02-18T16:35:11","modified_gmt":"2026-02-18T14:35:11","slug":"calamagrostis-brachytricha","status":"publish","type":"product","link":"https:\/\/dev.garden.ee\/en\/product\/calamagrostis-brachytricha\/","title":{"rendered":"Calamagrostis brachytricha \/ Stipa brachytricha"},"content":{"rendered":"<input class=\"fooboxshare_post_id\" type=\"hidden\" value=\"1183\"\/>","protected":false},"excerpt":{"rendered":"<p>K\u00f5rge p\u00fcstine k\u00f5rreline, kohevate roosakas-h\u00f5bedaste \u00f5isikutega, mis s\u00fcgise poole muutuvad bee\u017eimaks. Kaunilt kaarduva purskkaevukujulise ja hallikasrohelise lehestikuga. Kevadel eba\u00fchtlase kasvuga, parem paigutada teiste vahele. Talub m\u00f5ningat varju, kuid on rahulolevam siiski p\u00e4ikesepaistelises kohas.\u00a0Eelmise aasta kasv l\u00f5igata maha varakevadel, enne uute v\u00f5rsete kasvu. Talvel samuti atraktiivne.<\/p>","protected":false},"featured_media":1184,"template":"","meta":[],"product_brand":[],"product_cat":[4407,4400,4415,4401,22],"product_tag":[],"class_list":{"0":"post-1183","1":"product","2":"type-product","3":"status-publish","4":"has-post-thumbnail","6":"product_cat-aasad","7":"product_cat-korrelised","8":"product_cat-lilleaed","9":"product_cat-pusikud","10":"product_cat-taimed","11":"pa_haiguskindlus-hea","12":"pa_kasvukorgus-120-cm","13":"pa_laius-70-cm","14":"pa_oie-varv-beez","15":"pa_oitsemise-aeg-juuni-august","16":"pa_talvekindlus-vaga-hea","17":"pa_tingimused-niiske","18":"pa_tingimused-parasniiske","19":"pa_tsoon-4-9","20":"pa_valguse-tingimused-paike","21":"pa_valguse-tingimused-poolvari","22":"pa_variatsioon-suurem-pott","23":"pa_variatsioon-vaiksem-pott","25":"first","26":"instock","27":"purchasable","28":"product-type-variable"},"acf":[],"_links":{"self":[{"href":"https:\/\/dev.garden.ee\/en\/wp-json\/wp\/v2\/product\/1183","targetHints":{"allow":["GET"]}}],"collection":[{"href":"https:\/\/dev.garden.ee\/en\/wp-json\/wp\/v2\/product"}],"about":[{"href":"https:\/\/dev.garden.ee\/en\/wp-json\/wp\/v2\/types\/product"}],"wp:featuredmedia":[{"embeddable":true,"href":"https:\/\/dev.garden.ee\/en\/wp-json\/wp\/v2\/media\/1184"}],"wp:attachment":[{"href":"https:\/\/dev.garden.ee\/en\/wp-json\/wp\/v2\/media?parent=1183"}],"wp:term":[{"taxonomy":"product_brand","embeddable":true,"href":"https:\/\/dev.garden.ee\/en\/wp-json\/wp\/v2\/product_brand?post=1183"},{"taxonomy":"product_cat","embeddable":true,"href":"https:\/\/dev.garden.ee\/en\/wp-json\/wp\/v2\/product_cat?post=1183"},{"taxonomy":"product_tag","embeddable":true,"href":"https:\/\/dev.garden.ee\/en\/wp-json\/wp\/v2\/product_tag?post=1183"}],"curies":[{"name":"wp","href":"https:\/\/api.w.org\/{rel}","templated":true}]}}