{"id":1174,"date":"2023-01-18T17:01:41","date_gmt":"2023-01-18T15:01:41","guid":{"rendered":"https:\/\/dev.zezz.ee\/garden\/toode\/actaea-simplex-brunette\/"},"modified":"2026-02-16T19:35:55","modified_gmt":"2026-02-16T17:35:55","slug":"actaea-simplex-brunette","status":"publish","type":"product","link":"https:\/\/dev.garden.ee\/en\/product\/actaea-simplex-brunette\/","title":{"rendered":"Actaea simplex &#8216;Brunette&#8217;"},"content":{"rendered":"<input class=\"fooboxshare_post_id\" type=\"hidden\" value=\"1174\"\/>","protected":false},"excerpt":{"rendered":"<p>Erakordselt ilus sort on hinnatud just t\u00e4nu oma suurte, astilbele sarnaste purpurmustade lehtede t\u00f5ttu. Samuti v\u00e4\u00e4rivad t\u00e4helepanu ka tumeda lehestiku vahelt v\u00e4lja kerkivad pikad, saua v\u00f5i pudeliharja meenutavad aromaatsed ja roosakasvalged\u00a0\u00f5isikud. \u00d5itseb suve l\u00f5pus, s\u00fcgise algul.\u00a0Taimedel kulub umbes kolm aastat selleks, et areneda suureks v\u00f5imsaks puhmaks. Valida tuleks poolvarjuline kasvukoht, et just keskp\u00e4evane kuum p\u00e4ike talle otseselt peale ei paistaks. Silmipimestav taim! Sobitage kokku erinevate k\u00f5rrelistega, helmikp\u00f6\u00f6ristega v\u00f5i istutage r\u00fchma, eraldi klumbina. Meeldib ka kasulikele putukatele.<\/p>","protected":false},"featured_media":1175,"template":"","meta":[],"product_brand":[],"product_cat":[4415,4414,4413,6934,4401,4412,22],"product_tag":[],"class_list":{"0":"post-1174","1":"product","2":"type-product","3":"status-publish","4":"has-post-thumbnail","6":"product_cat-lilleaed","7":"product_cat-lohnaaed","8":"product_cat-loikelilleaed","9":"product_cat-mesilassobralik-aed","10":"product_cat-pusikud","11":"product_cat-varjuaed","12":"product_cat-taimed","13":"pa_haiguskindlus-hea","14":"pa_kasvukorgus-120-cm","15":"pa_laius-60-cm","16":"pa_lisainfo-sobib-osalise-varjuga-kasvualale","17":"pa_oie-varv-valge","18":"pa_oitsemise-aeg-august-oktoober","19":"pa_talvekindlus-hea","20":"pa_tingimused-parasniiske","21":"pa_tsoon-3-9","22":"pa_valguse-tingimused-paike","23":"pa_valguse-tingimused-poolvari","24":"pa_variatsioon-suurem-pott","25":"pa_variatsioon-vaiksem-pott","27":"first","28":"onbackorder","29":"purchasable","30":"product-type-variable"},"acf":[],"_links":{"self":[{"href":"https:\/\/dev.garden.ee\/en\/wp-json\/wp\/v2\/product\/1174","targetHints":{"allow":["GET"]}}],"collection":[{"href":"https:\/\/dev.garden.ee\/en\/wp-json\/wp\/v2\/product"}],"about":[{"href":"https:\/\/dev.garden.ee\/en\/wp-json\/wp\/v2\/types\/product"}],"wp:featuredmedia":[{"embeddable":true,"href":"https:\/\/dev.garden.ee\/en\/wp-json\/wp\/v2\/media\/1175"}],"wp:attachment":[{"href":"https:\/\/dev.garden.ee\/en\/wp-json\/wp\/v2\/media?parent=1174"}],"wp:term":[{"taxonomy":"product_brand","embeddable":true,"href":"https:\/\/dev.garden.ee\/en\/wp-json\/wp\/v2\/product_brand?post=1174"},{"taxonomy":"product_cat","embeddable":true,"href":"https:\/\/dev.garden.ee\/en\/wp-json\/wp\/v2\/product_cat?post=1174"},{"taxonomy":"product_tag","embeddable":true,"href":"https:\/\/dev.garden.ee\/en\/wp-json\/wp\/v2\/product_tag?post=1174"}],"curies":[{"name":"wp","href":"https:\/\/api.w.org\/{rel}","templated":true}]}}