{"id":11726,"date":"2023-01-18T18:42:31","date_gmt":"2023-01-18T16:42:31","guid":{"rendered":"https:\/\/dev.zezz.ee\/garden\/toode\/origanum-rosenkuppel\/"},"modified":"2026-03-04T17:16:05","modified_gmt":"2026-03-04T15:16:05","slug":"origanum-rosenkuppel","status":"publish","type":"product","link":"https:\/\/dev.garden.ee\/en\/product\/origanum-rosenkuppel\/","title":{"rendered":"Origanum &#8216;Rosenkuppel&#8217;"},"content":{"rendered":"<input class=\"fooboxshare_post_id\" type=\"hidden\" value=\"11726\"\/>","protected":false},"excerpt":{"rendered":"<p class=\"tw-data-text tw-text-large XcVN5d tw-ta\" dir=\"ltr\" data-placeholder=\"Translation\"><span class=\"Y2IQFc\" lang=\"et\">Origanum &#8216;Rosenkuppel on aiale ilus lisand, mis p<\/span><span class=\"Y2IQFc\" lang=\"et\">akub pikalt efekti, kesksuvest kuni s\u00fcgiseni v\u00e4lja. <\/span><\/p>\n<p id=\"tw-target-text\" class=\"tw-data-text tw-text-large XcVN5d tw-ta\" dir=\"ltr\" data-placeholder=\"Translation\"><span class=\"Y2IQFc\" lang=\"et\">Ilus kompaktne ja dekoratiivne sort, millel on v\u00e4ikesed pehmed, aromaatsed, lillakaspunased lehed peenikeste varte peal. <\/span><span class=\"Y2IQFc\" lang=\"et\">Nende \u00fclaosas on pisikeste lillakasroosade \u00f5ite kobarad punakaslillade kandelehtedega.<br \/>\nTunnustatud just oma \u00f5ie ja leheilu t\u00f5ttu. Lisaks meelitab aeda ka mesilasi.<\/span><\/p>\n<p>Kuigi ta lehel l\u00f5hnavad imeliselt, maitsetaim ta siiski pole.<br \/>\nTa n\u00f5uab v\u00e4hest hooldust ja talub ka p\u00f5uda. Kevadel l\u00f5ika taim maani maha ja hooaja v\u00e4ltel n\u00e4pista \u00e4ra juba \u00f5itsenud \u00f5ied. See soodustab uute \u00f5ite tekkimist.<br \/>\nTaim on p\u00e4rjatud Award of Garden Merit tiitliga.<\/p>","protected":false},"featured_media":11727,"template":"","meta":[],"product_brand":[],"product_cat":[4414,4401,4411,4393,22],"product_tag":[9209],"class_list":{"0":"post-11726","1":"product","2":"type-product","3":"status-publish","4":"has-post-thumbnail","6":"product_cat-lohnaaed","7":"product_cat-pusikud","8":"product_cat-urdiaed","9":"product_cat-urdid","10":"product_cat-taimed","11":"product_tag-rhs-award-of-garden-merit","12":"pa_haiguskindlus-vaga-hea","13":"pa_moodud-k-30-60-cm-l-30-60-cm","14":"pa_oie-varv-roosa","15":"pa_oitsemise-aeg-juuni-september","16":"pa_talvekindlus-vaga-hea","17":"pa_tsoon-5-9","18":"pa_variatsioon-suurem-pott","19":"pa_variatsioon-vaiksem-pott","21":"first","22":"instock","23":"purchasable","24":"product-type-variable"},"acf":[],"_links":{"self":[{"href":"https:\/\/dev.garden.ee\/en\/wp-json\/wp\/v2\/product\/11726","targetHints":{"allow":["GET"]}}],"collection":[{"href":"https:\/\/dev.garden.ee\/en\/wp-json\/wp\/v2\/product"}],"about":[{"href":"https:\/\/dev.garden.ee\/en\/wp-json\/wp\/v2\/types\/product"}],"wp:featuredmedia":[{"embeddable":true,"href":"https:\/\/dev.garden.ee\/en\/wp-json\/wp\/v2\/media\/11727"}],"wp:attachment":[{"href":"https:\/\/dev.garden.ee\/en\/wp-json\/wp\/v2\/media?parent=11726"}],"wp:term":[{"taxonomy":"product_brand","embeddable":true,"href":"https:\/\/dev.garden.ee\/en\/wp-json\/wp\/v2\/product_brand?post=11726"},{"taxonomy":"product_cat","embeddable":true,"href":"https:\/\/dev.garden.ee\/en\/wp-json\/wp\/v2\/product_cat?post=11726"},{"taxonomy":"product_tag","embeddable":true,"href":"https:\/\/dev.garden.ee\/en\/wp-json\/wp\/v2\/product_tag?post=11726"}],"curies":[{"name":"wp","href":"https:\/\/api.w.org\/{rel}","templated":true}]}}