{"id":1170,"date":"2023-01-18T17:01:38","date_gmt":"2023-01-18T15:01:38","guid":{"rendered":"https:\/\/dev.zezz.ee\/garden\/toode\/carex-oshimensis-evergold\/"},"modified":"2026-02-19T10:18:45","modified_gmt":"2026-02-19T08:18:45","slug":"carex-oshimensis-evergold","status":"publish","type":"product","link":"https:\/\/dev.garden.ee\/en\/product\/carex-oshimensis-evergold\/","title":{"rendered":"Carex oshimensis &#8216;Evergold&#8217;"},"content":{"rendered":"<input class=\"fooboxshare_post_id\" type=\"hidden\" value=\"1170\"\/>","protected":false},"excerpt":{"rendered":"<p>Dekoratiivne heintaim. Moodustab vahvaid, madalaid m\u00e4ttaid. Lehtede otsad kaarduvad \u00fchtlaselt allapoole, lehed on kitsad ja pikad, helekollased, lehe \u00e4\u00e4red on aga s\u00e4ravrohelised. Pruunikad \u00f5ied, mis ilmuvad suve algul, on t\u00e4htsusetud. Hea valik \u00e4\u00e4ristuseks lillepeenrale v\u00f5i gruppidena n\u00e4iteks veesilma l\u00e4hedusse. Armastab p\u00e4ikeselist kasvukohta, niiskemapoolset ja huumusrikast mulda.<\/p>\n<p>Kuivanud lehed l\u00f5igata maha varakevadel.<\/p>","protected":false},"featured_media":23373,"template":"","meta":[],"product_brand":[],"product_cat":[4400,4401,4409,4412,22],"product_tag":[],"class_list":{"0":"post-1170","1":"product","2":"type-product","3":"status-publish","4":"has-post-thumbnail","6":"product_cat-korrelised","7":"product_cat-pusikud","8":"product_cat-tiigiaed","9":"product_cat-varjuaed","10":"product_cat-taimed","11":"pa_haiguskindlus-hea","12":"pa_kasvukorgus-25-cm","13":"pa_laius-25-cm","14":"pa_lehestikuvarv-roheline","15":"pa_lehestikuvarv-kreemikaskollane","16":"pa_lisainfo-dekoratiivne-lehestik","17":"pa_lisainfo-hirve-kahjustustele-vastupidav","18":"pa_oie-varv-pruun","19":"pa_oitsemise-aeg-juuni","20":"pa_talvekindlus-hea","21":"pa_tingimused-niiske","22":"pa_tingimused-viljakas","23":"pa_tsoon-5-9","24":"pa_valguse-tingimused-paike","25":"pa_valguse-tingimused-poolvari","26":"pa_variatsioon-suurem-pott","27":"pa_variatsioon-vaiksem-pott","29":"first","30":"instock","31":"purchasable","32":"product-type-variable"},"acf":[],"_links":{"self":[{"href":"https:\/\/dev.garden.ee\/en\/wp-json\/wp\/v2\/product\/1170","targetHints":{"allow":["GET"]}}],"collection":[{"href":"https:\/\/dev.garden.ee\/en\/wp-json\/wp\/v2\/product"}],"about":[{"href":"https:\/\/dev.garden.ee\/en\/wp-json\/wp\/v2\/types\/product"}],"wp:featuredmedia":[{"embeddable":true,"href":"https:\/\/dev.garden.ee\/en\/wp-json\/wp\/v2\/media\/23373"}],"wp:attachment":[{"href":"https:\/\/dev.garden.ee\/en\/wp-json\/wp\/v2\/media?parent=1170"}],"wp:term":[{"taxonomy":"product_brand","embeddable":true,"href":"https:\/\/dev.garden.ee\/en\/wp-json\/wp\/v2\/product_brand?post=1170"},{"taxonomy":"product_cat","embeddable":true,"href":"https:\/\/dev.garden.ee\/en\/wp-json\/wp\/v2\/product_cat?post=1170"},{"taxonomy":"product_tag","embeddable":true,"href":"https:\/\/dev.garden.ee\/en\/wp-json\/wp\/v2\/product_tag?post=1170"}],"curies":[{"name":"wp","href":"https:\/\/api.w.org\/{rel}","templated":true}]}}