{"id":11658,"date":"2023-01-18T18:41:58","date_gmt":"2023-01-18T16:41:58","guid":{"rendered":"https:\/\/dev.zezz.ee\/garden\/toode\/persicaria-amplexicaulis-uus\/"},"modified":"2026-03-05T17:07:46","modified_gmt":"2026-03-05T15:07:46","slug":"persicaria-amplexicaulis","status":"publish","type":"product","link":"https:\/\/dev.garden.ee\/en\/product\/persicaria-amplexicaulis\/","title":{"rendered":"Persicaria amplexicaulis"},"content":{"rendered":"<input class=\"fooboxshare_post_id\" type=\"hidden\" value=\"11658\"\/>","protected":false},"excerpt":{"rendered":"<p>J\u00f5ulise kasvuga p\u00fcsikul on meeldivalt pikk \u00f5itsemisperiood. S\u00e4ravpunased kitsalt piklikud \u00f5isikud v\u00f5ivad olla kuni 10cm pikad. \u00d5iges kasvukohas kasvav taim vajab v\u00e4ga minimaalset hoolitsust. K\u00f5ik taime osad v\u00f5ivad tekitada naha\u00e4rritust ning allaneelamisel v\u00f5ib esineda mao\u00e4rritust.<\/p>","protected":false},"featured_media":25877,"template":"","meta":[],"product_brand":[],"product_cat":[4415,4401,4409,4392,22],"product_tag":[],"class_list":{"0":"post-11658","1":"product","2":"type-product","3":"status-publish","4":"has-post-thumbnail","6":"product_cat-lilleaed","7":"product_cat-pusikud","8":"product_cat-tiigiaed","9":"product_cat-tiigitaimed","10":"product_cat-taimed","11":"pa_oie-varv-punane","12":"pa_oitsemise-aeg-juuli-september","13":"pa_talvekindlus-vaga-hea","14":"pa_tsoon-5-9","15":"pa_variatsioon-suurem-pott","16":"pa_variatsioon-vaiksem-pott","18":"first","19":"instock","20":"purchasable","21":"product-type-variable"},"acf":[],"_links":{"self":[{"href":"https:\/\/dev.garden.ee\/en\/wp-json\/wp\/v2\/product\/11658","targetHints":{"allow":["GET"]}}],"collection":[{"href":"https:\/\/dev.garden.ee\/en\/wp-json\/wp\/v2\/product"}],"about":[{"href":"https:\/\/dev.garden.ee\/en\/wp-json\/wp\/v2\/types\/product"}],"wp:featuredmedia":[{"embeddable":true,"href":"https:\/\/dev.garden.ee\/en\/wp-json\/wp\/v2\/media\/25877"}],"wp:attachment":[{"href":"https:\/\/dev.garden.ee\/en\/wp-json\/wp\/v2\/media?parent=11658"}],"wp:term":[{"taxonomy":"product_brand","embeddable":true,"href":"https:\/\/dev.garden.ee\/en\/wp-json\/wp\/v2\/product_brand?post=11658"},{"taxonomy":"product_cat","embeddable":true,"href":"https:\/\/dev.garden.ee\/en\/wp-json\/wp\/v2\/product_cat?post=11658"},{"taxonomy":"product_tag","embeddable":true,"href":"https:\/\/dev.garden.ee\/en\/wp-json\/wp\/v2\/product_tag?post=11658"}],"curies":[{"name":"wp","href":"https:\/\/api.w.org\/{rel}","templated":true}]}}