{"id":11651,"date":"2023-01-18T18:41:54","date_gmt":"2023-01-18T16:41:54","guid":{"rendered":"https:\/\/dev.zezz.ee\/garden\/toode\/manora-uudis\/"},"modified":"2026-02-07T13:48:20","modified_gmt":"2026-02-07T11:48:20","slug":"manora","status":"publish","type":"product","link":"https:\/\/dev.garden.ee\/en\/product\/manora\/","title":{"rendered":"Manora\u00ae"},"content":{"rendered":"<input class=\"fooboxshare_post_id\" type=\"hidden\" value=\"11651\"\/>","protected":false},"excerpt":{"rendered":"<p>Moderne imekaunis punane floribund. T\u00f5eline staar igal pool, jagades taimeala koos p\u00fcsikutega, ilutsedes konteineris v\u00f5i hoopiski l\u00f5ikelillena. Keskmise suurusega (6-8 cm) v\u00e4ga t\u00e4idlaste \u00f5ite rikkalik v\u00e4rv ning v\u00e4ga hea tervis loob v\u00f5imsa mulje.<\/p>\n<p>Sobib kasutamiseks ideaalselt istutatuna aias ansamblina, p\u00fcsikute peenras, pottides, segaroosipeenardes, v\u00e4ikestes r\u00fchmades, romantilistes aedades segataimena p\u00fcsikutega, segapeenardes, l\u00f5ikelillena v\u00f5i isegi lilleaias.<\/p>\n<p>Auhind: H\u00f5bemedal Rumbeke (Belgia 2021).<\/p>","protected":false},"featured_media":24926,"template":"","meta":[],"product_brand":[],"product_cat":[9637,4415,4413,4416,4402,22],"product_tag":[],"class_list":{"0":"post-11651","1":"product","2":"type-product","3":"status-publish","4":"has-post-thumbnail","6":"product_cat-istutuskast","7":"product_cat-lilleaed","8":"product_cat-loikelilleaed","9":"product_cat-roosiaed","10":"product_cat-roosid","11":"product_cat-taimed","12":"pa_aretus-rosen-tantau","13":"pa_avalikustamisaasta-saksamaa-2020","14":"pa_haiguskindlus-vaga-hea","15":"pa_kasvukorgus-50-80-cm","16":"pa_laius-50-cm","17":"pa_lisainfo-sobilik-istutuskasti-jaoks","18":"pa_lisainfo-sobib-loikelilleks","19":"pa_lohn-orn","20":"pa_oie-suurus-keskmine","21":"pa_oie-varv-punane","22":"pa_oietuup-taidisois","23":"pa_oitsemine-korduvalt-oitsev","24":"pa_sort-floribund-ehk-paljuoieline-roos","25":"pa_taimede-arvestus-ruutmeetri-4-5","26":"pa_talvekindlus-vaga-hea","27":"pa_variatsioon-potis-2l-kevadel","28":"pa_variatsioon-potis-4-6l","30":"first","31":"instock","32":"purchasable","33":"product-type-variable"},"acf":[],"_links":{"self":[{"href":"https:\/\/dev.garden.ee\/en\/wp-json\/wp\/v2\/product\/11651","targetHints":{"allow":["GET"]}}],"collection":[{"href":"https:\/\/dev.garden.ee\/en\/wp-json\/wp\/v2\/product"}],"about":[{"href":"https:\/\/dev.garden.ee\/en\/wp-json\/wp\/v2\/types\/product"}],"wp:featuredmedia":[{"embeddable":true,"href":"https:\/\/dev.garden.ee\/en\/wp-json\/wp\/v2\/media\/24926"}],"wp:attachment":[{"href":"https:\/\/dev.garden.ee\/en\/wp-json\/wp\/v2\/media?parent=11651"}],"wp:term":[{"taxonomy":"product_brand","embeddable":true,"href":"https:\/\/dev.garden.ee\/en\/wp-json\/wp\/v2\/product_brand?post=11651"},{"taxonomy":"product_cat","embeddable":true,"href":"https:\/\/dev.garden.ee\/en\/wp-json\/wp\/v2\/product_cat?post=11651"},{"taxonomy":"product_tag","embeddable":true,"href":"https:\/\/dev.garden.ee\/en\/wp-json\/wp\/v2\/product_tag?post=11651"}],"curies":[{"name":"wp","href":"https:\/\/api.w.org\/{rel}","templated":true}]}}