{"id":11640,"date":"2023-01-18T18:41:48","date_gmt":"2023-01-18T16:41:48","guid":{"rendered":"https:\/\/dev.zezz.ee\/garden\/toode\/bienenweide-ivory-uudis\/"},"modified":"2026-02-04T15:20:49","modified_gmt":"2026-02-04T13:20:49","slug":"bees-paradise-rose-ivory","status":"publish","type":"product","link":"https:\/\/dev.garden.ee\/en\/product\/bees-paradise-rose-ivory\/","title":{"rendered":"Bees Paradise Rose\u00ae Ivory"},"content":{"rendered":"<input class=\"fooboxshare_post_id\" type=\"hidden\" value=\"11640\"\/>","protected":false},"excerpt":{"rendered":"<p>Rosen Tantau Bees Paradise Rose\u00ae kollektsiooni kuuluv Bienenweide\u00ae Ivory sort on v\u00e4ga rikkalikult \u00f5itsev ja erakordselt hea tervisega. V\u00e4ikesed (2-4 cm) poolt\u00e4idis\u00f5ied on erinevate tolmeldajate lemmikud. \u00d5itel on kollakas s\u00fcdamik ning kreemjasvalged \u00fcmara \u00e4\u00e4rega kroonlehed. Hea sort mida istutada v\u00e4iksemate gruppidena, pottidesse v\u00f5i suurema massina. Lisaks sobib taimeala jagama ka koos erinevate p\u00fcsikutega.<\/p>\n<p>Auhind: Silver medal cat. ground cover roses Baden-Baden (Germany 2023).<\/p>\n<p><span style=\"color: #ff0000;\">ETTETELLIMINE, V\u00c4LJASTAMINE APRILLI TEISEST POOLEST<\/span><\/p>","protected":false},"featured_media":11641,"template":"","meta":[],"product_brand":[],"product_cat":[9637,4415,6934,4416,4402,22],"product_tag":[9418,9417],"class_list":{"0":"post-11640","1":"product","2":"type-product","3":"status-publish","4":"has-post-thumbnail","6":"product_cat-istutuskast","7":"product_cat-lilleaed","8":"product_cat-mesilassobralik-aed","9":"product_cat-roosiaed","10":"product_cat-roosid","11":"product_cat-taimed","12":"product_tag-adr-roos","13":"product_tag-soodushind-50","14":"pa_aretus-rosen-tantau","15":"pa_avalikustamisaasta-2521","16":"pa_haiguskindlus-vaga-hea","17":"pa_kasvukorgus-40-60-cm","18":"pa_laius-40-50-cm","19":"pa_lisainfo-mesilaste-lemmik","20":"pa_lisainfo-sobilik-istutuskasti-jaoks","21":"pa_lohn-orn","22":"pa_oie-suurus-vaike","23":"pa_oie-varv-kreemjas","24":"pa_oietuup-pooltaidisois","25":"pa_oitsemine-korduvalt-oitsev","26":"pa_sort-vaikepoosas","27":"pa_sunonuum-bees-paradise-rose-uk","28":"pa_taimede-arvestus-ruutmeetri-5-6","29":"pa_talvekindlus-vaga-hea","30":"pa_variatsioon-potis-2l-kevadel","31":"pa_variatsioon-potis-4-6l","32":"pa_variatsioon-potis-4-6l-soodushind-50","34":"first","35":"instock","36":"sale","37":"purchasable","38":"product-type-variable"},"acf":[],"_links":{"self":[{"href":"https:\/\/dev.garden.ee\/en\/wp-json\/wp\/v2\/product\/11640","targetHints":{"allow":["GET"]}}],"collection":[{"href":"https:\/\/dev.garden.ee\/en\/wp-json\/wp\/v2\/product"}],"about":[{"href":"https:\/\/dev.garden.ee\/en\/wp-json\/wp\/v2\/types\/product"}],"wp:featuredmedia":[{"embeddable":true,"href":"https:\/\/dev.garden.ee\/en\/wp-json\/wp\/v2\/media\/11641"}],"wp:attachment":[{"href":"https:\/\/dev.garden.ee\/en\/wp-json\/wp\/v2\/media?parent=11640"}],"wp:term":[{"taxonomy":"product_brand","embeddable":true,"href":"https:\/\/dev.garden.ee\/en\/wp-json\/wp\/v2\/product_brand?post=11640"},{"taxonomy":"product_cat","embeddable":true,"href":"https:\/\/dev.garden.ee\/en\/wp-json\/wp\/v2\/product_cat?post=11640"},{"taxonomy":"product_tag","embeddable":true,"href":"https:\/\/dev.garden.ee\/en\/wp-json\/wp\/v2\/product_tag?post=11640"}],"curies":[{"name":"wp","href":"https:\/\/api.w.org\/{rel}","templated":true}]}}