{"id":11620,"date":"2023-01-18T18:41:35","date_gmt":"2023-01-18T16:41:35","guid":{"rendered":"https:\/\/dev.zezz.ee\/garden\/toode\/monarda-blaustrumpf\/"},"modified":"2026-03-03T16:20:37","modified_gmt":"2026-03-03T14:20:37","slug":"monarda-blaustrumpf","status":"publish","type":"product","link":"https:\/\/dev.garden.ee\/en\/product\/monarda-blaustrumpf\/","title":{"rendered":"Monarda &#8216;Blaustrumpf&#8217;"},"content":{"rendered":"<input class=\"fooboxshare_post_id\" type=\"hidden\" value=\"11620\"\/>","protected":false},"excerpt":{"rendered":"<p>Kaunis pika \u00f5itsemisega sort toob aeda lillakat v\u00e4rvi. Pronksja jumega lehtedel on meeldiv bergamotil\u00f5hn, mida saab maitseks ka jookidele lisada.<\/p>\n<p>Sobib toredalt kokku nt erinevate kirburohtudega ja punanuppudega.<\/p>","protected":false},"featured_media":22872,"template":"","meta":[],"product_brand":[],"product_cat":[4415,4414,4413,4401,22],"product_tag":[],"class_list":{"0":"post-11620","1":"product","2":"type-product","3":"status-publish","4":"has-post-thumbnail","6":"product_cat-lilleaed","7":"product_cat-lohnaaed","8":"product_cat-loikelilleaed","9":"product_cat-pusikud","10":"product_cat-taimed","11":"pa_moodud-k-80-90-cm-l-50-cm","12":"pa_oie-varv-lilla","13":"pa_oitsemise-aeg-juuli-september","14":"pa_talvekindlus-vaga-hea","15":"pa_variatsioon-suurem-pott","16":"pa_variatsioon-vaiksem-pott","18":"first","19":"outofstock","20":"purchasable","21":"product-type-variable"},"acf":[],"_links":{"self":[{"href":"https:\/\/dev.garden.ee\/en\/wp-json\/wp\/v2\/product\/11620","targetHints":{"allow":["GET"]}}],"collection":[{"href":"https:\/\/dev.garden.ee\/en\/wp-json\/wp\/v2\/product"}],"about":[{"href":"https:\/\/dev.garden.ee\/en\/wp-json\/wp\/v2\/types\/product"}],"wp:featuredmedia":[{"embeddable":true,"href":"https:\/\/dev.garden.ee\/en\/wp-json\/wp\/v2\/media\/22872"}],"wp:attachment":[{"href":"https:\/\/dev.garden.ee\/en\/wp-json\/wp\/v2\/media?parent=11620"}],"wp:term":[{"taxonomy":"product_brand","embeddable":true,"href":"https:\/\/dev.garden.ee\/en\/wp-json\/wp\/v2\/product_brand?post=11620"},{"taxonomy":"product_cat","embeddable":true,"href":"https:\/\/dev.garden.ee\/en\/wp-json\/wp\/v2\/product_cat?post=11620"},{"taxonomy":"product_tag","embeddable":true,"href":"https:\/\/dev.garden.ee\/en\/wp-json\/wp\/v2\/product_tag?post=11620"}],"curies":[{"name":"wp","href":"https:\/\/api.w.org\/{rel}","templated":true}]}}