{"id":1162,"date":"2023-01-18T17:01:33","date_gmt":"2023-01-18T15:01:33","guid":{"rendered":"https:\/\/dev.zezz.ee\/garden\/toode\/carex-flacca-blue-zinger\/"},"modified":"2026-02-19T09:45:06","modified_gmt":"2026-02-19T07:45:06","slug":"carex-flacca-blue-zinger","status":"publish","type":"product","link":"https:\/\/dev.garden.ee\/en\/product\/carex-flacca-blue-zinger\/","title":{"rendered":"Carex flacca &#8216;Blue Zinger&#8217;"},"content":{"rendered":"<input class=\"fooboxshare_post_id\" type=\"hidden\" value=\"1162\"\/>","protected":false},"excerpt":{"rendered":"<p>Sort hoiab oma omap\u00e4rast v\u00e4rvi lehestikku h\u00f5bedakarva sinisena terve hooaja v\u00e4ltel ning on suurep\u00e4rane puhmast moodustav pinnakatja. \u00d5ied t\u00e4htsusetud. M\u00f5jub v\u00e4ga atraktiivselt koos kontrastsete siledate kividega. Sobib kasvama ka veesilma l\u00e4hedusse, on heaks kontrasttaimeks.<\/p>\n<p>Varakevadel v\u00f5iks korraliku, kompaktse v\u00e4limuse hoidmiseks taime pisut k\u00e4rpida.<\/p>","protected":false},"featured_media":23360,"template":"","meta":[],"product_brand":[],"product_cat":[4400,9200,4401,4409,4412,22],"product_tag":[],"class_list":{"0":"post-1162","1":"product","2":"type-product","3":"status-publish","4":"has-post-thumbnail","6":"product_cat-korrelised","7":"product_cat-pinnakatjad","8":"product_cat-pusikud","9":"product_cat-tiigiaed","10":"product_cat-varjuaed","11":"product_cat-taimed","12":"pa_haiguskindlus-hea","13":"pa_kasvukorgus-20-cm","14":"pa_laius-20-cm","15":"pa_lehestikuvarv-hobedane","16":"pa_lehestikuvarv-sinakasroheline","17":"pa_lisainfo-dekoratiivne-lehestik","18":"pa_lisainfo-hea-pinnakatja","19":"pa_lisainfo-hirve-kahjustustele-vastupidav","20":"pa_talvekindlus-vaga-hea","21":"pa_tingimused-hea-drenaaz","22":"pa_tingimused-liivane","23":"pa_tingimused-niiske","24":"pa_tsoon-4-8","25":"pa_valguse-tingimused-poolvari","26":"pa_valguse-tingimused-vari","27":"pa_variatsioon-suurem-pott","28":"pa_variatsioon-vaiksem-pott","30":"first","31":"instock","32":"purchasable","33":"product-type-variable"},"acf":[],"_links":{"self":[{"href":"https:\/\/dev.garden.ee\/en\/wp-json\/wp\/v2\/product\/1162","targetHints":{"allow":["GET"]}}],"collection":[{"href":"https:\/\/dev.garden.ee\/en\/wp-json\/wp\/v2\/product"}],"about":[{"href":"https:\/\/dev.garden.ee\/en\/wp-json\/wp\/v2\/types\/product"}],"wp:featuredmedia":[{"embeddable":true,"href":"https:\/\/dev.garden.ee\/en\/wp-json\/wp\/v2\/media\/23360"}],"wp:attachment":[{"href":"https:\/\/dev.garden.ee\/en\/wp-json\/wp\/v2\/media?parent=1162"}],"wp:term":[{"taxonomy":"product_brand","embeddable":true,"href":"https:\/\/dev.garden.ee\/en\/wp-json\/wp\/v2\/product_brand?post=1162"},{"taxonomy":"product_cat","embeddable":true,"href":"https:\/\/dev.garden.ee\/en\/wp-json\/wp\/v2\/product_cat?post=1162"},{"taxonomy":"product_tag","embeddable":true,"href":"https:\/\/dev.garden.ee\/en\/wp-json\/wp\/v2\/product_tag?post=1162"}],"curies":[{"name":"wp","href":"https:\/\/api.w.org\/{rel}","templated":true}]}}