{"id":11616,"date":"2023-01-18T18:41:33","date_gmt":"2023-01-18T16:41:33","guid":{"rendered":"https:\/\/dev.zezz.ee\/garden\/toode\/phlox-subulata-white-delight\/"},"modified":"2026-03-06T12:36:52","modified_gmt":"2026-03-06T10:36:52","slug":"phlox-subulata-white-delight","status":"publish","type":"product","link":"https:\/\/dev.garden.ee\/en\/product\/phlox-subulata-white-delight\/","title":{"rendered":"Phlox subulata &#8216;White Delight&#8217;"},"content":{"rendered":"<input class=\"fooboxshare_post_id\" type=\"hidden\" value=\"11616\"\/>","protected":false},"excerpt":{"rendered":"<p>Puhasvalgete \u00f5itega suurep\u00e4rane pinnakatja, mille n\u00f5eljas tumeroheline lehestik loob koheva j\u00f5ulise puhma. \u00d5ied p\u00fcsivad 3-4 n\u00e4dalat. Ideaalne taim katma kiviseid pindu, n\u00f5lvakuid.<\/p>","protected":false},"featured_media":25919,"template":"","meta":[],"product_brand":[],"product_cat":[9637,9503,4415,6934,9200,4401,22],"product_tag":[],"class_list":{"0":"post-11616","1":"product","2":"type-product","3":"status-publish","4":"has-post-thumbnail","6":"product_cat-istutuskast","7":"product_cat-kiviktaimla","8":"product_cat-lilleaed","9":"product_cat-mesilassobralik-aed","10":"product_cat-pinnakatjad","11":"product_cat-pusikud","12":"product_cat-taimed","13":"pa_moodud-k-10-15-cm-l-45-60-cm","14":"pa_oie-varv-valge","15":"pa_oitsemise-aeg-mai-juuni","16":"pa_talvekindlus-vaga-hea","17":"pa_variatsioon-suurem-pott","18":"pa_variatsioon-vaiksem-pott","20":"first","21":"outofstock","22":"purchasable","23":"product-type-variable"},"acf":[],"_links":{"self":[{"href":"https:\/\/dev.garden.ee\/en\/wp-json\/wp\/v2\/product\/11616","targetHints":{"allow":["GET"]}}],"collection":[{"href":"https:\/\/dev.garden.ee\/en\/wp-json\/wp\/v2\/product"}],"about":[{"href":"https:\/\/dev.garden.ee\/en\/wp-json\/wp\/v2\/types\/product"}],"wp:featuredmedia":[{"embeddable":true,"href":"https:\/\/dev.garden.ee\/en\/wp-json\/wp\/v2\/media\/25919"}],"wp:attachment":[{"href":"https:\/\/dev.garden.ee\/en\/wp-json\/wp\/v2\/media?parent=11616"}],"wp:term":[{"taxonomy":"product_brand","embeddable":true,"href":"https:\/\/dev.garden.ee\/en\/wp-json\/wp\/v2\/product_brand?post=11616"},{"taxonomy":"product_cat","embeddable":true,"href":"https:\/\/dev.garden.ee\/en\/wp-json\/wp\/v2\/product_cat?post=11616"},{"taxonomy":"product_tag","embeddable":true,"href":"https:\/\/dev.garden.ee\/en\/wp-json\/wp\/v2\/product_tag?post=11616"}],"curies":[{"name":"wp","href":"https:\/\/api.w.org\/{rel}","templated":true}]}}