{"id":11606,"date":"2023-01-18T18:41:25","date_gmt":"2023-01-18T16:41:25","guid":{"rendered":"https:\/\/dev.zezz.ee\/garden\/toode\/geranium-wallichianum-blue-sunrise-uus\/"},"modified":"2026-02-24T13:13:01","modified_gmt":"2026-02-24T11:13:01","slug":"geranium-wallichianum-blue-sunrise","status":"publish","type":"product","link":"https:\/\/dev.garden.ee\/en\/product\/geranium-wallichianum-blue-sunrise\/","title":{"rendered":"Geranium wallichianum &#8216;Blue Sunrise&#8217;"},"content":{"rendered":"<input class=\"fooboxshare_post_id\" type=\"hidden\" value=\"11606\"\/>","protected":false},"excerpt":{"rendered":"<p>Sordi omap\u00e4ra on l\u00f5hised lehed, mis on kevade paiku erksalt kollased, punase \u00e4\u00e4rega. Suve poole muutub lehestik roheliseks, siis on taime kaunistamas s\u00fcgavalt sinised \u00f5rnad \u00f5ied, millel tumepunased, pea mustjad veenid. S\u00fcgisel v\u00e4rvub aga terve lehestik kollaste, oran\u017eide ja punaste toonidega, kusjuures punane toon on tugevalt domineeriv. Taimi tuleks peale \u00f5itsemist tugevasti k\u00e4rpida, siis lehestik p\u00fcsib kaunis ja kahar. Lehestik terve, tumeroheline, kohev. Jagamist saab teha nii s\u00fcgisel kui kevadel. Kasvamiseks vajab p\u00e4ikesepaistelist kohta ja rammusamat mulda. Sobib p\u00fcsikupeenrasse r\u00fchmana, metsaaeda massina, niidule, parki.<\/p>","protected":false},"featured_media":11607,"template":"","meta":[],"product_brand":[],"product_cat":[4415,9200,4401,22],"product_tag":[],"class_list":{"0":"post-11606","1":"product","2":"type-product","3":"status-publish","4":"has-post-thumbnail","6":"product_cat-lilleaed","7":"product_cat-pinnakatjad","8":"product_cat-pusikud","9":"product_cat-taimed","10":"pa_haiguskindlus-vaga-hea","11":"pa_moodud-k-30-40-cm-l-60-cm","12":"pa_oie-varv-sinine","13":"pa_oitsemise-aeg-juuni-juuli","14":"pa_talvekindlus-vaga-hea","15":"pa_tsoon-z-4-9","16":"pa_variatsioon-suurem-pott","17":"pa_variatsioon-vaiksem-pott","19":"first","20":"onbackorder","21":"purchasable","22":"product-type-variable"},"acf":[],"_links":{"self":[{"href":"https:\/\/dev.garden.ee\/en\/wp-json\/wp\/v2\/product\/11606","targetHints":{"allow":["GET"]}}],"collection":[{"href":"https:\/\/dev.garden.ee\/en\/wp-json\/wp\/v2\/product"}],"about":[{"href":"https:\/\/dev.garden.ee\/en\/wp-json\/wp\/v2\/types\/product"}],"wp:featuredmedia":[{"embeddable":true,"href":"https:\/\/dev.garden.ee\/en\/wp-json\/wp\/v2\/media\/11607"}],"wp:attachment":[{"href":"https:\/\/dev.garden.ee\/en\/wp-json\/wp\/v2\/media?parent=11606"}],"wp:term":[{"taxonomy":"product_brand","embeddable":true,"href":"https:\/\/dev.garden.ee\/en\/wp-json\/wp\/v2\/product_brand?post=11606"},{"taxonomy":"product_cat","embeddable":true,"href":"https:\/\/dev.garden.ee\/en\/wp-json\/wp\/v2\/product_cat?post=11606"},{"taxonomy":"product_tag","embeddable":true,"href":"https:\/\/dev.garden.ee\/en\/wp-json\/wp\/v2\/product_tag?post=11606"}],"curies":[{"name":"wp","href":"https:\/\/api.w.org\/{rel}","templated":true}]}}