{"id":11601,"date":"2023-01-18T18:41:22","date_gmt":"2023-01-18T16:41:22","guid":{"rendered":"https:\/\/dev.zezz.ee\/garden\/toode\/geranium-sylvaticum-mayflower-uus\/"},"modified":"2026-02-24T13:23:44","modified_gmt":"2026-02-24T11:23:44","slug":"geranium-sylvaticum-mayflower","status":"publish","type":"product","link":"https:\/\/dev.garden.ee\/en\/product\/geranium-sylvaticum-mayflower\/","title":{"rendered":"Geranium sylvaticum &#8216;Mayflower&#8217;"},"content":{"rendered":"<input class=\"fooboxshare_post_id\" type=\"hidden\" value=\"11601\"\/>","protected":false},"excerpt":{"rendered":"<p>Kurereha moodustab koheva, l\u00f5helise rohelise lehestikuga\u00a0kompaktse puhma ning pakub suve alguses pea kahe kuu pikkust \u00f5itsemist. Tegemist on t\u00e4nuv\u00e4\u00e4rse ning kauni pinnakatjaga, kelle lehestiku puhma kaunistavad taevasinised \u00f5rnad \u00f5ied.\u00a0Peale \u00f5itsemist v\u00f5ib soovi korral taime kuju parandamiseks p\u00fcgada, kuid uuesti \u00f5itsemist ei ole oodata. S\u00fcgisel v\u00e4rvub aga terve lehestik kollaste, oran\u017eide ja punaste toonidega, kusjuures punane toon on tugevalt domineeriv.\u00a0Taimele on omistatud Award of Garden Merit.<\/p>","protected":false},"featured_media":11602,"template":"","meta":[],"product_brand":[],"product_cat":[4415,9200,4401,22],"product_tag":[9209],"class_list":{"0":"post-11601","1":"product","2":"type-product","3":"status-publish","4":"has-post-thumbnail","6":"product_cat-lilleaed","7":"product_cat-pinnakatjad","8":"product_cat-pusikud","9":"product_cat-taimed","10":"product_tag-rhs-award-of-garden-merit","11":"pa_haiguskindlus-vaga-hea","12":"pa_moodud-k-50-60-cm-l-60-cm","13":"pa_oie-varv-sinine","14":"pa_oitsemise-aeg-juuni-august","15":"pa_talvekindlus-vaga-hea","16":"pa_tsoon-2-9","17":"pa_variatsioon-suurem-pott","18":"pa_variatsioon-vaiksem-pott","20":"first","21":"instock","22":"purchasable","23":"product-type-variable"},"acf":[],"_links":{"self":[{"href":"https:\/\/dev.garden.ee\/en\/wp-json\/wp\/v2\/product\/11601","targetHints":{"allow":["GET"]}}],"collection":[{"href":"https:\/\/dev.garden.ee\/en\/wp-json\/wp\/v2\/product"}],"about":[{"href":"https:\/\/dev.garden.ee\/en\/wp-json\/wp\/v2\/types\/product"}],"wp:featuredmedia":[{"embeddable":true,"href":"https:\/\/dev.garden.ee\/en\/wp-json\/wp\/v2\/media\/11602"}],"wp:attachment":[{"href":"https:\/\/dev.garden.ee\/en\/wp-json\/wp\/v2\/media?parent=11601"}],"wp:term":[{"taxonomy":"product_brand","embeddable":true,"href":"https:\/\/dev.garden.ee\/en\/wp-json\/wp\/v2\/product_brand?post=11601"},{"taxonomy":"product_cat","embeddable":true,"href":"https:\/\/dev.garden.ee\/en\/wp-json\/wp\/v2\/product_cat?post=11601"},{"taxonomy":"product_tag","embeddable":true,"href":"https:\/\/dev.garden.ee\/en\/wp-json\/wp\/v2\/product_tag?post=11601"}],"curies":[{"name":"wp","href":"https:\/\/api.w.org\/{rel}","templated":true}]}}