{"id":11595,"date":"2023-01-18T18:41:18","date_gmt":"2023-01-18T16:41:18","guid":{"rendered":"https:\/\/dev.zezz.ee\/garden\/toode\/calluna-vulgaris-winter-chocolate-uus\/"},"modified":"2023-03-08T15:54:10","modified_gmt":"2023-03-08T13:54:10","slug":"calluna-vulgaris-winter-chocolate-uus","status":"publish","type":"product","link":"https:\/\/dev.garden.ee\/en\/product\/calluna-vulgaris-winter-chocolate-uus\/","title":{"rendered":"Calluna vulgaris &#8216;Winter Chocolate&#8217;"},"content":{"rendered":"<input class=\"fooboxshare_post_id\" type=\"hidden\" value=\"11595\"\/>","protected":false},"excerpt":{"rendered":"<p>Imekauni lehestiku v\u00e4rviga sort. Kuldne koos roosade noorte kasvudega suvel, s\u00fcgiseks muutub lehestik rikkalikuks \u0161hokolaadpronksjaks, kevadel l\u00f5heroosad uued kasvud. \u00d5rnad helelillad \u00f5iekesed toovad just seda head kontrastset v\u00e4rvi. Kompaktse, pigem laiuvama vormiga.<\/p>","protected":false},"featured_media":11596,"template":"","meta":[],"product_brand":[],"product_cat":[4403,6934,4406,9200,4396,4412,22],"product_tag":[],"class_list":{"0":"post-11595","1":"product","2":"type-product","3":"status-publish","4":"has-post-thumbnail","6":"product_cat-kodu","7":"product_cat-mesilassobralik-aed","8":"product_cat-park","9":"product_cat-pinnakatjad","10":"product_cat-puud-ja-poosad","11":"product_cat-varjuaed","12":"product_cat-taimed","13":"pa_moodud-k-20-cm-l-35-cm","14":"pa_oie-varv-lilla","15":"pa_oitsemise-aeg-august-oktoober","16":"pa_talvekindlus-vaga-hea","17":"pa_variatsioon-suurem-pott","18":"pa_variatsioon-vaiksem-pott","20":"first","21":"instock","22":"purchasable","23":"product-type-variable"},"acf":[],"_links":{"self":[{"href":"https:\/\/dev.garden.ee\/en\/wp-json\/wp\/v2\/product\/11595","targetHints":{"allow":["GET"]}}],"collection":[{"href":"https:\/\/dev.garden.ee\/en\/wp-json\/wp\/v2\/product"}],"about":[{"href":"https:\/\/dev.garden.ee\/en\/wp-json\/wp\/v2\/types\/product"}],"wp:featuredmedia":[{"embeddable":true,"href":"https:\/\/dev.garden.ee\/en\/wp-json\/wp\/v2\/media\/11596"}],"wp:attachment":[{"href":"https:\/\/dev.garden.ee\/en\/wp-json\/wp\/v2\/media?parent=11595"}],"wp:term":[{"taxonomy":"product_brand","embeddable":true,"href":"https:\/\/dev.garden.ee\/en\/wp-json\/wp\/v2\/product_brand?post=11595"},{"taxonomy":"product_cat","embeddable":true,"href":"https:\/\/dev.garden.ee\/en\/wp-json\/wp\/v2\/product_cat?post=11595"},{"taxonomy":"product_tag","embeddable":true,"href":"https:\/\/dev.garden.ee\/en\/wp-json\/wp\/v2\/product_tag?post=11595"}],"curies":[{"name":"wp","href":"https:\/\/api.w.org\/{rel}","templated":true}]}}