{"id":11592,"date":"2023-01-18T18:41:16","date_gmt":"2023-01-18T16:41:16","guid":{"rendered":"https:\/\/dev.zezz.ee\/garden\/toode\/calluna-vulgaris-marlies-uus\/"},"modified":"2023-03-08T15:38:20","modified_gmt":"2023-03-08T13:38:20","slug":"calluna-vulgaris-marlies-uus","status":"publish","type":"product","link":"https:\/\/dev.garden.ee\/en\/product\/calluna-vulgaris-marlies-uus\/","title":{"rendered":"Calluna vulgaris &#8216;Marlies&#8217;"},"content":{"rendered":"<input class=\"fooboxshare_post_id\" type=\"hidden\" value=\"11592\"\/>","protected":false},"excerpt":{"rendered":"<p>Talveperioodil lehestik pronksjasroheline, suvel tumeroheline. P\u00fcstine, tihe ja kompaktne puhmas. Suurep\u00e4rase vastupidavusega, moodustab tiheda pinnakatte. Kaunis erepunane\/roosa \u00f5iestik ehib taime veel pikalt kui \u00fclej\u00e4\u00e4nud loodus juba oma v\u00e4rvi kaotanud. Sordil on veel teisigi nimetusi &#8211; C. vulgaris &#8216;Annegret&#8217;; C. vulgaris &#8216;Rote Marleen&#8217;.<\/p>","protected":false},"featured_media":11593,"template":"","meta":[],"product_brand":[],"product_cat":[4403,6934,4406,9200,4396,4412,22],"product_tag":[],"class_list":{"0":"post-11592","1":"product","2":"type-product","3":"status-publish","4":"has-post-thumbnail","6":"product_cat-kodu","7":"product_cat-mesilassobralik-aed","8":"product_cat-park","9":"product_cat-pinnakatjad","10":"product_cat-puud-ja-poosad","11":"product_cat-varjuaed","12":"product_cat-taimed","13":"pa_moodud-k-25-cm-l-30-cm","14":"pa_oie-varv-magenta","15":"pa_oitsemise-aeg-august-oktoober","16":"pa_talvekindlus-vaga-hea","17":"pa_tsoon-5-8","18":"pa_variatsioon-suurem-pott","19":"pa_variatsioon-vaike-pott","21":"first","22":"outofstock","23":"purchasable","24":"product-type-variable"},"acf":[],"_links":{"self":[{"href":"https:\/\/dev.garden.ee\/en\/wp-json\/wp\/v2\/product\/11592","targetHints":{"allow":["GET"]}}],"collection":[{"href":"https:\/\/dev.garden.ee\/en\/wp-json\/wp\/v2\/product"}],"about":[{"href":"https:\/\/dev.garden.ee\/en\/wp-json\/wp\/v2\/types\/product"}],"wp:featuredmedia":[{"embeddable":true,"href":"https:\/\/dev.garden.ee\/en\/wp-json\/wp\/v2\/media\/11593"}],"wp:attachment":[{"href":"https:\/\/dev.garden.ee\/en\/wp-json\/wp\/v2\/media?parent=11592"}],"wp:term":[{"taxonomy":"product_brand","embeddable":true,"href":"https:\/\/dev.garden.ee\/en\/wp-json\/wp\/v2\/product_brand?post=11592"},{"taxonomy":"product_cat","embeddable":true,"href":"https:\/\/dev.garden.ee\/en\/wp-json\/wp\/v2\/product_cat?post=11592"},{"taxonomy":"product_tag","embeddable":true,"href":"https:\/\/dev.garden.ee\/en\/wp-json\/wp\/v2\/product_tag?post=11592"}],"curies":[{"name":"wp","href":"https:\/\/api.w.org\/{rel}","templated":true}]}}