{"id":11589,"date":"2023-01-18T18:41:13","date_gmt":"2023-01-18T16:41:13","guid":{"rendered":"https:\/\/dev.zezz.ee\/garden\/toode\/filipendula-ulmaria-uus\/"},"modified":"2026-02-24T00:54:09","modified_gmt":"2026-02-23T22:54:09","slug":"filipendula-ulmaria","status":"publish","type":"product","link":"https:\/\/dev.garden.ee\/en\/product\/filipendula-ulmaria\/","title":{"rendered":"Filipendula ulmaria"},"content":{"rendered":"<input class=\"fooboxshare_post_id\" type=\"hidden\" value=\"11589\"\/>","protected":false},"excerpt":{"rendered":"<p>Harilik angervaks on laialt levinud kogu Euroopas, ka Eeestis sage, kohati massiline. Kohevad ja \u00f5hulised kreemikas-valged \u00f5iepuhmad ja rikkalik roheliste lehtedega p\u00fcstine p\u00f5\u00f5sas. Taime jagamiseks on k\u00f5ige \u00f5igem aeg varakevad.\u00a0\u00a0Hea taim istutamiseks veekogu \u00e4\u00e4rde. Liblikate lemmik. Armastab niisket mulda, aga p\u00e4ikeselist kasvukohta.<\/p>","protected":false},"featured_media":11590,"template":"","meta":[],"product_brand":[],"product_cat":[6934,4406,4401,4409,4392,22],"product_tag":[],"class_list":{"0":"post-11589","1":"product","2":"type-product","3":"status-publish","4":"has-post-thumbnail","6":"product_cat-mesilassobralik-aed","7":"product_cat-park","8":"product_cat-pusikud","9":"product_cat-tiigiaed","10":"product_cat-tiigitaimed","11":"product_cat-taimed","12":"pa_haiguskindlus-vaga-hea","13":"pa_kasvukorgus-80-cm","14":"pa_laius-50-cm","15":"pa_lisainfo-kaldataim","16":"pa_lisainfo-mesilaste-lemmik","17":"pa_lisainfo-sobib-osalise-varjuga-kasvualale","18":"pa_lohn-lohnav","19":"pa_oie-varv-valge","20":"pa_oitsemise-aeg-juuli-august","21":"pa_talvekindlus-vaga-hea","22":"pa_tingimused-niiske","23":"pa_tsoon-2-9","24":"pa_valguse-tingimused-paike","25":"pa_valguse-tingimused-poolvari","26":"pa_variatsioon-suurem-pott","27":"pa_variatsioon-vaiksem-pott","29":"first","30":"instock","31":"purchasable","32":"product-type-variable"},"acf":[],"_links":{"self":[{"href":"https:\/\/dev.garden.ee\/en\/wp-json\/wp\/v2\/product\/11589","targetHints":{"allow":["GET"]}}],"collection":[{"href":"https:\/\/dev.garden.ee\/en\/wp-json\/wp\/v2\/product"}],"about":[{"href":"https:\/\/dev.garden.ee\/en\/wp-json\/wp\/v2\/types\/product"}],"wp:featuredmedia":[{"embeddable":true,"href":"https:\/\/dev.garden.ee\/en\/wp-json\/wp\/v2\/media\/11590"}],"wp:attachment":[{"href":"https:\/\/dev.garden.ee\/en\/wp-json\/wp\/v2\/media?parent=11589"}],"wp:term":[{"taxonomy":"product_brand","embeddable":true,"href":"https:\/\/dev.garden.ee\/en\/wp-json\/wp\/v2\/product_brand?post=11589"},{"taxonomy":"product_cat","embeddable":true,"href":"https:\/\/dev.garden.ee\/en\/wp-json\/wp\/v2\/product_cat?post=11589"},{"taxonomy":"product_tag","embeddable":true,"href":"https:\/\/dev.garden.ee\/en\/wp-json\/wp\/v2\/product_tag?post=11589"}],"curies":[{"name":"wp","href":"https:\/\/api.w.org\/{rel}","templated":true}]}}