{"id":1158,"date":"2023-01-18T17:01:30","date_gmt":"2023-01-18T15:01:30","guid":{"rendered":"https:\/\/dev.zezz.ee\/garden\/toode\/carex-elata-aurea\/"},"modified":"2026-02-19T09:35:04","modified_gmt":"2026-02-19T07:35:04","slug":"carex-elata-aurea","status":"publish","type":"product","link":"https:\/\/dev.garden.ee\/en\/product\/carex-elata-aurea\/","title":{"rendered":"Carex elata &#8216;Aurea&#8217; \/ &#8216;Bowles Golden&#8217;"},"content":{"rendered":"<input class=\"fooboxshare_post_id\" type=\"hidden\" value=\"1158\"\/>","protected":false},"excerpt":{"rendered":"<p>Sihvakatel lehtedel on h\u00f5\u00f5guvkollased, justkui pliiatsiga joonistatud, erkrohelised servad. See dekoratiivne tarnaline on omasuguste seas \u00fcks vastupidavamaid ja erksav\u00e4rvilisemaid. \u00d5isikup\u00e4hikud ilmuvad varasuvel, kuid need on tema lehestikuga v\u00f5rreldes t\u00e4htsusetud.<\/p>\n<p>Aiakujundajate meelistaim, hea sobitada aeda niiskematesse, isegi m\u00e4rgadesse paikadesse. Istutada v\u00f5ib r\u00fchmadena v\u00f5i massina. Taim on k\u00fcll niiskuselembene, kuid armastab siiski p\u00e4ikeselist v\u00f5i poolvarjulist kasvukohta.<\/p>\n<p>Taime on lihtne paljundada, jagades puhmast varakevadel.<\/p>\n<div id=\"product_product_p_624\" class=\"tb_row1\">Kaaslastena sobivad nt\u00a0Astrantia major &#8216;Roma&#8217;,\u00a0<a>Trollius chinensis \u2018Golden Queen&#8217; ja\u00a0<\/a><a>Primula hybrida &#8216;Blue Zebra&#8217;<\/a><em>.<\/em><\/div>","protected":false},"featured_media":23358,"template":"","meta":[],"product_brand":[],"product_cat":[4400,4401,4409,4412,22],"product_tag":[],"class_list":{"0":"post-1158","1":"product","2":"type-product","3":"status-publish","4":"has-post-thumbnail","6":"product_cat-korrelised","7":"product_cat-pusikud","8":"product_cat-tiigiaed","9":"product_cat-varjuaed","10":"product_cat-taimed","11":"pa_haiguskindlus-hea","12":"pa_kasvukorgus-50-cm","13":"pa_laius-40-cm","14":"pa_lehestikuvarv-kollane","15":"pa_lisainfo-dekoratiivne-lehestik","16":"pa_lisainfo-hea-pinnakatja","17":"pa_oie-varv-pruun","18":"pa_oitsemise-aeg-mai","19":"pa_talvekindlus-hea","20":"pa_tingimused-niiske","21":"pa_tingimused-viljakas","22":"pa_tsoon-5-9","23":"pa_valguse-tingimused-paike","24":"pa_valguse-tingimused-poolvari","25":"pa_variatsioon-suurem-pott","26":"pa_variatsioon-vaiksem-pott","28":"first","29":"instock","30":"purchasable","31":"product-type-variable"},"acf":[],"_links":{"self":[{"href":"https:\/\/dev.garden.ee\/en\/wp-json\/wp\/v2\/product\/1158","targetHints":{"allow":["GET"]}}],"collection":[{"href":"https:\/\/dev.garden.ee\/en\/wp-json\/wp\/v2\/product"}],"about":[{"href":"https:\/\/dev.garden.ee\/en\/wp-json\/wp\/v2\/types\/product"}],"wp:featuredmedia":[{"embeddable":true,"href":"https:\/\/dev.garden.ee\/en\/wp-json\/wp\/v2\/media\/23358"}],"wp:attachment":[{"href":"https:\/\/dev.garden.ee\/en\/wp-json\/wp\/v2\/media?parent=1158"}],"wp:term":[{"taxonomy":"product_brand","embeddable":true,"href":"https:\/\/dev.garden.ee\/en\/wp-json\/wp\/v2\/product_brand?post=1158"},{"taxonomy":"product_cat","embeddable":true,"href":"https:\/\/dev.garden.ee\/en\/wp-json\/wp\/v2\/product_cat?post=1158"},{"taxonomy":"product_tag","embeddable":true,"href":"https:\/\/dev.garden.ee\/en\/wp-json\/wp\/v2\/product_tag?post=1158"}],"curies":[{"name":"wp","href":"https:\/\/api.w.org\/{rel}","templated":true}]}}