{"id":11548,"date":"2023-01-18T18:40:48","date_gmt":"2023-01-18T16:40:48","guid":{"rendered":"https:\/\/dev.zezz.ee\/garden\/toode\/echinacea-tennesseensis-rocky-top-hybrids-uus\/"},"modified":"2026-02-22T20:04:00","modified_gmt":"2026-02-22T18:04:00","slug":"echinacea-tennesseensis-rocky-top-hybrids","status":"publish","type":"product","link":"https:\/\/dev.garden.ee\/en\/product\/echinacea-tennesseensis-rocky-top-hybrids\/","title":{"rendered":"Echinacea tennesseensis &#8216;Rocky Top Hybrids&#8217;"},"content":{"rendered":"<input class=\"fooboxshare_post_id\" type=\"hidden\" value=\"11548\"\/>","protected":false},"excerpt":{"rendered":"<p>Madalakasvuline, \u00f5ie kroonlehed on kitsad, vaarikaroosad, pisut \u00fclespoole hoidvad, s\u00fcdamik rohekas. \u00d5itseb juulist septembrini, kuid v\u00f5ib vastu pidada ka esimeste k\u00fclmadeni. Meelitab aeda mesilasi, liblikaid ja seemnehuvilisi linde. Eelistab t\u00e4isp\u00e4ikest, pisut lubjasemat, leelisemat hea drenaa\u017eiga mulda. Ei talu talvist liigniiskust. Efektne massistutustes. Sobib l\u00f5ikelilleks.<\/p>","protected":false},"featured_media":11549,"template":"","meta":[],"product_brand":[],"product_cat":[4415,4413,6934,4401,22],"product_tag":[],"class_list":{"0":"post-11548","1":"product","2":"type-product","3":"status-publish","4":"has-post-thumbnail","6":"product_cat-lilleaed","7":"product_cat-loikelilleaed","8":"product_cat-mesilassobralik-aed","9":"product_cat-pusikud","10":"product_cat-taimed","11":"pa_haiguskindlus-vaga-hea","12":"pa_kasvukorgus-45-60-cm","13":"pa_laius-30-45-cm-2","14":"pa_lisainfo-mesilaste-lemmik","15":"pa_lisainfo-sobilik-istutuskasti-jaoks","16":"pa_lisainfo-sobib-loikelilleks","17":"pa_lisainfo-sobib-osalise-varjuga-kasvualale","18":"pa_lohn-orn","19":"pa_oie-varv-roosa","20":"pa_oitsemise-aeg-juuli-september","21":"pa_talvekindlus-vaga-hea","22":"pa_tingimused-hea-drenaaz","23":"pa_tingimused-kergelt-aluseline","24":"pa_tingimused-keskmiselt-viljakas","25":"pa_tingimused-niiske","26":"pa_tsoon-4-9","27":"pa_valguse-tingimused-paike","28":"pa_valguse-tingimused-poolvari","29":"pa_variatsioon-suurem-pott","30":"pa_variatsioon-vaiksem-pott","32":"first","33":"outofstock","34":"purchasable","35":"product-type-variable"},"acf":[],"_links":{"self":[{"href":"https:\/\/dev.garden.ee\/en\/wp-json\/wp\/v2\/product\/11548","targetHints":{"allow":["GET"]}}],"collection":[{"href":"https:\/\/dev.garden.ee\/en\/wp-json\/wp\/v2\/product"}],"about":[{"href":"https:\/\/dev.garden.ee\/en\/wp-json\/wp\/v2\/types\/product"}],"wp:featuredmedia":[{"embeddable":true,"href":"https:\/\/dev.garden.ee\/en\/wp-json\/wp\/v2\/media\/11549"}],"wp:attachment":[{"href":"https:\/\/dev.garden.ee\/en\/wp-json\/wp\/v2\/media?parent=11548"}],"wp:term":[{"taxonomy":"product_brand","embeddable":true,"href":"https:\/\/dev.garden.ee\/en\/wp-json\/wp\/v2\/product_brand?post=11548"},{"taxonomy":"product_cat","embeddable":true,"href":"https:\/\/dev.garden.ee\/en\/wp-json\/wp\/v2\/product_cat?post=11548"},{"taxonomy":"product_tag","embeddable":true,"href":"https:\/\/dev.garden.ee\/en\/wp-json\/wp\/v2\/product_tag?post=11548"}],"curies":[{"name":"wp","href":"https:\/\/api.w.org\/{rel}","templated":true}]}}