{"id":11538,"date":"2023-01-18T18:40:41","date_gmt":"2023-01-18T16:40:41","guid":{"rendered":"https:\/\/dev.zezz.ee\/garden\/toode\/geum-apricot-pearl-uus\/"},"modified":"2026-02-24T14:21:23","modified_gmt":"2026-02-24T12:21:23","slug":"geum-apricot-pearl","status":"publish","type":"product","link":"https:\/\/dev.garden.ee\/en\/product\/geum-apricot-pearl\/","title":{"rendered":"Geum &#8216;Apricot Pearl&#8217;"},"content":{"rendered":"<input class=\"fooboxshare_post_id\" type=\"hidden\" value=\"11538\"\/>","protected":false},"excerpt":{"rendered":"<p>Kroonlehed on l\u00f5heroosad, \u00f5rnalt sulgjad.\u00a0\u00d5ied, mille s\u00fcdamikus kollased tolmukad, k\u00f5rguvad tumepruunide varte otsas,\u00a0all madal tumeroheline lehestikupuhm. Tubli varajane \u00f5itseja. Hea vastupidavusega. Sobib p\u00e4ikseline kuni poolvarjuline parasniiske v\u00f5i niiske kasvukoht. Efektne kui istudada suurema grupina. Kompaktne taim sobib iga peenra \u00e4\u00e4ristuseks, lisav\u00e4\u00e4rtusena meelitab ligi liblikaid. \u00a0Kuivanud \u00f5ite eemaldamine julgustab taime korduvalt \u00f5itsema s\u00fcgiseni.<\/p>","protected":false},"featured_media":11539,"template":"","meta":[],"product_brand":[],"product_cat":[4415,6934,4401,4409,4392,22],"product_tag":[],"class_list":{"0":"post-11538","1":"product","2":"type-product","3":"status-publish","4":"has-post-thumbnail","6":"product_cat-lilleaed","7":"product_cat-mesilassobralik-aed","8":"product_cat-pusikud","9":"product_cat-tiigiaed","10":"product_cat-tiigitaimed","11":"product_cat-taimed","12":"pa_haiguskindlus-vaga-hea","13":"pa_moodud-k-30-45-cm-l-30-cm","14":"pa_oie-varv-virsik","15":"pa_oitsemise-aeg-mai-juuli","16":"pa_talvekindlus-vaga-hea","17":"pa_tsoon-z-4-9","18":"pa_variatsioon-suurem-pott","19":"pa_variatsioon-vaiksem-pott","21":"first","22":"instock","23":"purchasable","24":"product-type-variable"},"acf":[],"_links":{"self":[{"href":"https:\/\/dev.garden.ee\/en\/wp-json\/wp\/v2\/product\/11538","targetHints":{"allow":["GET"]}}],"collection":[{"href":"https:\/\/dev.garden.ee\/en\/wp-json\/wp\/v2\/product"}],"about":[{"href":"https:\/\/dev.garden.ee\/en\/wp-json\/wp\/v2\/types\/product"}],"wp:featuredmedia":[{"embeddable":true,"href":"https:\/\/dev.garden.ee\/en\/wp-json\/wp\/v2\/media\/11539"}],"wp:attachment":[{"href":"https:\/\/dev.garden.ee\/en\/wp-json\/wp\/v2\/media?parent=11538"}],"wp:term":[{"taxonomy":"product_brand","embeddable":true,"href":"https:\/\/dev.garden.ee\/en\/wp-json\/wp\/v2\/product_brand?post=11538"},{"taxonomy":"product_cat","embeddable":true,"href":"https:\/\/dev.garden.ee\/en\/wp-json\/wp\/v2\/product_cat?post=11538"},{"taxonomy":"product_tag","embeddable":true,"href":"https:\/\/dev.garden.ee\/en\/wp-json\/wp\/v2\/product_tag?post=11538"}],"curies":[{"name":"wp","href":"https:\/\/api.w.org\/{rel}","templated":true}]}}