{"id":11535,"date":"2023-01-18T18:40:38","date_gmt":"2023-01-18T16:40:38","guid":{"rendered":"https:\/\/dev.zezz.ee\/garden\/toode\/hosta-lady-guinevere-uus\/"},"modified":"2026-02-27T16:07:10","modified_gmt":"2026-02-27T14:07:10","slug":"hosta-lady-guinevere","status":"publish","type":"product","link":"https:\/\/dev.garden.ee\/en\/product\/hosta-lady-guinevere\/","title":{"rendered":"Hosta &#8216;Lady Guinevere&#8217;"},"content":{"rendered":"<input class=\"fooboxshare_post_id\" type=\"hidden\" value=\"11535\"\/>","protected":false},"excerpt":{"rendered":"<p>Keskmise kasvuga hostasort, mis on eriti dekoratiivne lehe poolest. Leht on teravatipuline ovaal tumerohelise \u00e4\u00e4re ja kreemika kuni kuldse keskpaigaga.\u00a0Lehtede kohal k\u00f5rguvad pikemad, hele lavendliv\u00e4rvi \u00f5isi kandvad varred.\u00a0\u00a0Hommikup\u00e4ike on oluline kirjulehiste sorti v\u00e4rvuse s\u00e4ilimisel.\u00a0Hostataim istutada rammusasse mulda, kindlasti peale istutamist aeg-ajalt kasta, kuni juurdunud. Kasta tuleks juurte \u00fcmbert, mitte lehtede pealt. Taime saab paljundada jagamise teel.<\/p>","protected":false},"featured_media":11536,"template":"","meta":[],"product_brand":[],"product_cat":[4406,4401,4412,22],"product_tag":[],"class_list":{"0":"post-11535","1":"product","2":"type-product","3":"status-publish","4":"has-post-thumbnail","6":"product_cat-park","7":"product_cat-pusikud","8":"product_cat-varjuaed","9":"product_cat-taimed","10":"pa_haiguskindlus-vaga-hea","11":"pa_lohn-orn","12":"pa_moodud-k-40-45-l-45-70-cm","13":"pa_oie-varv-lilla","14":"pa_oitsemise-aeg-juuni","15":"pa_talvekindlus-vaga-hea","16":"pa_tsoon-2-9","17":"pa_variatsioon-suurem-pott","19":"first","20":"instock","21":"purchasable","22":"product-type-variable"},"acf":[],"_links":{"self":[{"href":"https:\/\/dev.garden.ee\/en\/wp-json\/wp\/v2\/product\/11535","targetHints":{"allow":["GET"]}}],"collection":[{"href":"https:\/\/dev.garden.ee\/en\/wp-json\/wp\/v2\/product"}],"about":[{"href":"https:\/\/dev.garden.ee\/en\/wp-json\/wp\/v2\/types\/product"}],"wp:featuredmedia":[{"embeddable":true,"href":"https:\/\/dev.garden.ee\/en\/wp-json\/wp\/v2\/media\/11536"}],"wp:attachment":[{"href":"https:\/\/dev.garden.ee\/en\/wp-json\/wp\/v2\/media?parent=11535"}],"wp:term":[{"taxonomy":"product_brand","embeddable":true,"href":"https:\/\/dev.garden.ee\/en\/wp-json\/wp\/v2\/product_brand?post=11535"},{"taxonomy":"product_cat","embeddable":true,"href":"https:\/\/dev.garden.ee\/en\/wp-json\/wp\/v2\/product_cat?post=11535"},{"taxonomy":"product_tag","embeddable":true,"href":"https:\/\/dev.garden.ee\/en\/wp-json\/wp\/v2\/product_tag?post=11535"}],"curies":[{"name":"wp","href":"https:\/\/api.w.org\/{rel}","templated":true}]}}