{"id":11531,"date":"2023-01-18T18:40:35","date_gmt":"2023-01-18T16:40:35","guid":{"rendered":"https:\/\/dev.zezz.ee\/garden\/toode\/hosta-captains-adventure-uus\/"},"modified":"2026-02-27T15:52:40","modified_gmt":"2026-02-27T13:52:40","slug":"hosta-captains-adventure","status":"publish","type":"product","link":"https:\/\/dev.garden.ee\/en\/product\/hosta-captains-adventure\/","title":{"rendered":"Hosta &#8216;Captain&#8217;s Adventure&#8217;"},"content":{"rendered":"<input class=\"fooboxshare_post_id\" type=\"hidden\" value=\"11531\"\/>","protected":false},"excerpt":{"rendered":"<p>Aeglase kuni keskmise kasvukiirusega sort, mida iseloomustavad silmatorkavad\u00a0v\u00e4rvikirjud lehed kollase-rohelise ja kreemika mustriga. Juulis kasvatab pikema varre otsas k\u00f5rguvad helelillad \u00f5ied. Lehekuju on ovaalne ja v\u00e4ga korrap\u00e4rane, mist\u00f5ttu moodustub\u00a0 korrektse ilmega laiuva puhmiku. Kauni v\u00e4rvi s\u00e4ilimiseks vajab m\u00f5ned tunnid p\u00e4ikest p\u00e4evas.\u00a0Hostad armastavad poolvarjulist kasvukohta rammusama, niiske mullaga, kuid nad ei talu maapinnal seisvat vett. Nad on v\u00e4hen\u00f5udlikud ja k\u00fcllaltki talvekindlad p\u00fcsililled, mis kasvavad h\u00e4sti haritud, v\u00e4etatud ja parasniiskel neutraalsel v\u00f5i n\u00f5rgalt happelisel aiamullal. \u00d5ied s\u00e4ilivad vaasis kaua. Kindlasti peale istutamist aeg-ajalt kasta, kuni juurdunud. Kasta tuleks juurte \u00fcmbert, mitte lehtede pealt. Taime saab paljundada jagamise teel.<\/p>","protected":false},"featured_media":11532,"template":"","meta":[],"product_brand":[],"product_cat":[4406,4401,4412,22],"product_tag":[],"class_list":{"0":"post-11531","1":"product","2":"type-product","3":"status-publish","4":"has-post-thumbnail","6":"product_cat-park","7":"product_cat-pusikud","8":"product_cat-varjuaed","9":"product_cat-taimed","10":"pa_haiguskindlus-vaga-hea","11":"pa_moodud-k-35-40-cm-l-45-60-cm","12":"pa_oie-varv-lilla","13":"pa_oitsemise-aeg-juuli","14":"pa_talvekindlus-vaga-hea","15":"pa_tsoon-2-9","16":"pa_variatsioon-suurem-pott","17":"pa_variatsioon-vaiksem-pott","19":"first","20":"instock","21":"purchasable","22":"product-type-variable"},"acf":[],"_links":{"self":[{"href":"https:\/\/dev.garden.ee\/en\/wp-json\/wp\/v2\/product\/11531","targetHints":{"allow":["GET"]}}],"collection":[{"href":"https:\/\/dev.garden.ee\/en\/wp-json\/wp\/v2\/product"}],"about":[{"href":"https:\/\/dev.garden.ee\/en\/wp-json\/wp\/v2\/types\/product"}],"wp:featuredmedia":[{"embeddable":true,"href":"https:\/\/dev.garden.ee\/en\/wp-json\/wp\/v2\/media\/11532"}],"wp:attachment":[{"href":"https:\/\/dev.garden.ee\/en\/wp-json\/wp\/v2\/media?parent=11531"}],"wp:term":[{"taxonomy":"product_brand","embeddable":true,"href":"https:\/\/dev.garden.ee\/en\/wp-json\/wp\/v2\/product_brand?post=11531"},{"taxonomy":"product_cat","embeddable":true,"href":"https:\/\/dev.garden.ee\/en\/wp-json\/wp\/v2\/product_cat?post=11531"},{"taxonomy":"product_tag","embeddable":true,"href":"https:\/\/dev.garden.ee\/en\/wp-json\/wp\/v2\/product_tag?post=11531"}],"curies":[{"name":"wp","href":"https:\/\/api.w.org\/{rel}","templated":true}]}}