{"id":1153,"date":"2023-01-18T17:01:27","date_gmt":"2023-01-18T15:01:27","guid":{"rendered":"https:\/\/dev.zezz.ee\/garden\/toode\/campanula-poscharskyana-e-h-frost\/"},"modified":"2026-02-19T09:16:51","modified_gmt":"2026-02-19T07:16:51","slug":"campanula-poscharskyana-e-h-frost","status":"publish","type":"product","link":"https:\/\/dev.garden.ee\/en\/product\/campanula-poscharskyana-e-h-frost\/","title":{"rendered":"Campanula poscharskyana &#8216;E.H. Frost&#8217;"},"content":{"rendered":"<input class=\"fooboxshare_post_id\" type=\"hidden\" value=\"1153\"\/>","protected":false},"excerpt":{"rendered":"<p>Tegemist on kellukeste perekonda kuuluva k\u00e4\u00e4bussordiga. J\u00f5uliselt laiuval taimel on roheline lehestik, mis kannab rohkeid kahvatusiniste s\u00fcdamikega portselanivalgeid \u00f5isi. Kaunite t\u00e4hekujuliste \u00f5itega on taim \u00fcle k\u00fclvatud terve suve.<\/p>\n<p>Populaarne taim alpiaeda, kiviktaimlasse, peenarde \u00e4\u00e4ristusse. Eriti suurep\u00e4rase tulemuse saab, kui istutada taim roosa\u00f5ieliste p\u00f5\u00f5sasrooside alla, pinnakatjaks. Sobib ka kasvama konteinerisse, potti, r\u00f5dukasti jne.<\/p>\n<p>Peale \u00f5itsemist v\u00f5ib taimi tugevasti k\u00e4rpida, et s\u00e4ilitada tema korrektne ning kompaktne v\u00e4limus.<\/p>","protected":false},"featured_media":1154,"template":"","meta":[],"product_brand":[],"product_cat":[9637,9503,4415,9702,4406,9200,4401,9550,22],"product_tag":[],"class_list":{"0":"post-1153","1":"product","2":"type-product","3":"status-publish","4":"has-post-thumbnail","6":"product_cat-istutuskast","7":"product_cat-kiviktaimla","8":"product_cat-lilleaed","9":"product_cat-linnaaed","10":"product_cat-park","11":"product_cat-pinnakatjad","12":"product_cat-pusikud","13":"product_cat-rodu-ja-terrass","14":"product_cat-taimed","15":"pa_haiguskindlus-vaga-hea","16":"pa_kasvukorgus-10-30-cm","17":"pa_laius-45-60-cm","18":"pa_lisainfo-hea-pinnakatja","19":"pa_lisainfo-janese-kahjustustele-vastupidav","20":"pa_lisainfo-sobilik-istutuskasti-jaoks","21":"pa_lisainfo-sobib-osalise-varjuga-kasvualale","22":"pa_oie-varv-valge","23":"pa_oitsemise-aeg-juuni-august","24":"pa_talvekindlus-vaga-hea","25":"pa_tingimused-aluseline","26":"pa_tingimused-hea-drenaaz","27":"pa_tingimused-viljakas","28":"pa_tsoon-2-9","29":"pa_valguse-tingimused-paike","30":"pa_valguse-tingimused-poolvari","31":"pa_variatsioon-suurem-pott","32":"pa_variatsioon-vaiksem-pott","34":"first","35":"instock","36":"purchasable","37":"product-type-variable"},"acf":[],"_links":{"self":[{"href":"https:\/\/dev.garden.ee\/en\/wp-json\/wp\/v2\/product\/1153","targetHints":{"allow":["GET"]}}],"collection":[{"href":"https:\/\/dev.garden.ee\/en\/wp-json\/wp\/v2\/product"}],"about":[{"href":"https:\/\/dev.garden.ee\/en\/wp-json\/wp\/v2\/types\/product"}],"wp:featuredmedia":[{"embeddable":true,"href":"https:\/\/dev.garden.ee\/en\/wp-json\/wp\/v2\/media\/1154"}],"wp:attachment":[{"href":"https:\/\/dev.garden.ee\/en\/wp-json\/wp\/v2\/media?parent=1153"}],"wp:term":[{"taxonomy":"product_brand","embeddable":true,"href":"https:\/\/dev.garden.ee\/en\/wp-json\/wp\/v2\/product_brand?post=1153"},{"taxonomy":"product_cat","embeddable":true,"href":"https:\/\/dev.garden.ee\/en\/wp-json\/wp\/v2\/product_cat?post=1153"},{"taxonomy":"product_tag","embeddable":true,"href":"https:\/\/dev.garden.ee\/en\/wp-json\/wp\/v2\/product_tag?post=1153"}],"curies":[{"name":"wp","href":"https:\/\/api.w.org\/{rel}","templated":true}]}}