{"id":11528,"date":"2023-01-18T18:40:32","date_gmt":"2023-01-18T16:40:32","guid":{"rendered":"https:\/\/dev.zezz.ee\/garden\/toode\/hosta-bulletproof-uus\/"},"modified":"2026-02-27T15:43:02","modified_gmt":"2026-02-27T13:43:02","slug":"hosta-bulletproof","status":"publish","type":"product","link":"https:\/\/dev.garden.ee\/en\/product\/hosta-bulletproof\/","title":{"rendered":"Hosta &#8216;Bulletproof&#8217;"},"content":{"rendered":"<input class=\"fooboxshare_post_id\" type=\"hidden\" value=\"11528\"\/>","protected":false},"excerpt":{"rendered":"<p>\u00dcks n\u00e4lkjakindlamaid hostasorte! Keskmise k\u00f5rgusega puhmikuline. Sinakasrohelised paksud vahajad lehed. \u00d5ied lillakasvalged, \u00f5itseb juulis.\u00a0Hostad armastavad poolvarjulist kasvukohta rammusama, niiske mullaga, kuid nad ei talu maapinnal seisvat vett. Nad on v\u00e4hen\u00f5udlikud ja k\u00fcllaltki talvekindlad p\u00fcsililled, mis kasvavad h\u00e4sti haritud, v\u00e4etatud ja parasniiskel neutraalsel v\u00f5i n\u00f5rgalt happelisel aiamullal. Kuival liivmullal v\u00f5ivad j\u00e4\u00e4da kiduraks. Hostad on v\u00e4ga pikaealised, soodsate tingimuste korral v\u00f5ivad samal kohal kasvada aastak\u00fcmneid. Nad sobivad h\u00e4sti mitmesugustele istutusaladel, ka veekogu \u00e4\u00e4rde,\u00a0 kas \u00fcksikp\u00f5\u00f5saste v\u00f5i r\u00fchmadena. Lisaks\u00a0sobivad hostad linnakeskonda, kuna kannatavad h\u00e4sti ka autode heitgaase.\u00a0Hostad on t\u00e4nu oma suurtele dekoratiivsetele lehtedele ning liiliat meenutavate \u00f5itega toredaks lisandiks lillekimpudele ja lilleseadetele. \u00d5ied s\u00e4ilivad vaasis kaua.<\/p>","protected":false},"featured_media":11529,"template":"","meta":[],"product_brand":[],"product_cat":[4406,4401,4412,22],"product_tag":[],"class_list":{"0":"post-11528","1":"product","2":"type-product","3":"status-publish","4":"has-post-thumbnail","6":"product_cat-park","7":"product_cat-pusikud","8":"product_cat-varjuaed","9":"product_cat-taimed","10":"pa_haiguskindlus-vaga-hea","11":"pa_lohn-orn","12":"pa_moodud-k-40-cm-l-60-90-cm","13":"pa_oie-varv-valge","14":"pa_oitsemise-aeg-juuli","15":"pa_talvekindlus-vaga-hea","16":"pa_tsoon-z-3-9","17":"pa_variatsioon-suurem-pott","18":"pa_variatsioon-vaiksem-pott","20":"first","21":"onbackorder","22":"purchasable","23":"product-type-variable"},"acf":[],"_links":{"self":[{"href":"https:\/\/dev.garden.ee\/en\/wp-json\/wp\/v2\/product\/11528","targetHints":{"allow":["GET"]}}],"collection":[{"href":"https:\/\/dev.garden.ee\/en\/wp-json\/wp\/v2\/product"}],"about":[{"href":"https:\/\/dev.garden.ee\/en\/wp-json\/wp\/v2\/types\/product"}],"wp:featuredmedia":[{"embeddable":true,"href":"https:\/\/dev.garden.ee\/en\/wp-json\/wp\/v2\/media\/11529"}],"wp:attachment":[{"href":"https:\/\/dev.garden.ee\/en\/wp-json\/wp\/v2\/media?parent=11528"}],"wp:term":[{"taxonomy":"product_brand","embeddable":true,"href":"https:\/\/dev.garden.ee\/en\/wp-json\/wp\/v2\/product_brand?post=11528"},{"taxonomy":"product_cat","embeddable":true,"href":"https:\/\/dev.garden.ee\/en\/wp-json\/wp\/v2\/product_cat?post=11528"},{"taxonomy":"product_tag","embeddable":true,"href":"https:\/\/dev.garden.ee\/en\/wp-json\/wp\/v2\/product_tag?post=11528"}],"curies":[{"name":"wp","href":"https:\/\/api.w.org\/{rel}","templated":true}]}}