{"id":11513,"date":"2023-01-18T18:40:19","date_gmt":"2023-01-18T16:40:19","guid":{"rendered":"https:\/\/dev.zezz.ee\/garden\/toode\/hemerocallis-dancing-on-air-uus\/"},"modified":"2026-02-25T13:31:21","modified_gmt":"2026-02-25T11:31:21","slug":"hemerocallis-dancing-on-air","status":"publish","type":"product","link":"https:\/\/dev.garden.ee\/en\/product\/hemerocallis-dancing-on-air\/","title":{"rendered":"Hemerocallis &#8216;Dancing on Air&#8217;"},"content":{"rendered":"<input class=\"fooboxshare_post_id\" type=\"hidden\" value=\"11513\"\/>","protected":false},"excerpt":{"rendered":"<p>Sametise pinnaga, suured, krussis kroonlehed on kaunilt kontrastsete v\u00e4rvide kooslusega, purpursed ja kollase s\u00fcdamikuga. Tema k\u00f5rrelisi meenutav lehestik s\u00e4ilitab oma rohelise v\u00e4rvi terve hooaja v\u00e4ltel.\u00a0Suurep\u00e4rane l\u00f5ikelill.\u00a0Kiirekasvuline ning v\u00e4he hoolitsust n\u00f5udev taim, ka mullastiku suhtes v\u00e4ga leplik. Parim aeg tema vana lehestiku eemaldamiseks on varakevad, enne uute kasvude arenemist.\u00a0Tegemist on hea valikuga, kui on\u00a0soov meelitada aeda\u00a0ka liblikaid. P\u00e4evaliiliad\u00a0on lihtsasti kasvatatavad, rikkalikult \u00f5itsevad ja t\u00e4nuv\u00e4\u00e4rsed p\u00fcsililled igasse aeda. Istutada v\u00f5ib r\u00fchmadena v\u00f5i massina. Peale kiritigude pole neil ka eriti vaenlasi.<\/p>","protected":false},"featured_media":11514,"template":"","meta":[],"product_brand":[],"product_cat":[4415,4401,4409,4392,22],"product_tag":[],"class_list":{"0":"post-11513","1":"product","2":"type-product","3":"status-publish","4":"has-post-thumbnail","6":"product_cat-lilleaed","7":"product_cat-pusikud","8":"product_cat-tiigiaed","9":"product_cat-tiigitaimed","10":"product_cat-taimed","11":"pa_haiguskindlus-vaga-hea","12":"pa_lohn-lohnav","13":"pa_moodud-k-75-cm-l-70-cm","14":"pa_oie-varv-mitmevarviline","15":"pa_oitsemise-aeg-juuli-august","16":"pa_talvekindlus-vaga-hea","17":"pa_tsoon-z-3-9","18":"pa_variatsioon-suurem-pott","19":"pa_variatsioon-vaiksem-pott","21":"first","22":"instock","23":"purchasable","24":"product-type-variable"},"acf":[],"_links":{"self":[{"href":"https:\/\/dev.garden.ee\/en\/wp-json\/wp\/v2\/product\/11513","targetHints":{"allow":["GET"]}}],"collection":[{"href":"https:\/\/dev.garden.ee\/en\/wp-json\/wp\/v2\/product"}],"about":[{"href":"https:\/\/dev.garden.ee\/en\/wp-json\/wp\/v2\/types\/product"}],"wp:featuredmedia":[{"embeddable":true,"href":"https:\/\/dev.garden.ee\/en\/wp-json\/wp\/v2\/media\/11514"}],"wp:attachment":[{"href":"https:\/\/dev.garden.ee\/en\/wp-json\/wp\/v2\/media?parent=11513"}],"wp:term":[{"taxonomy":"product_brand","embeddable":true,"href":"https:\/\/dev.garden.ee\/en\/wp-json\/wp\/v2\/product_brand?post=11513"},{"taxonomy":"product_cat","embeddable":true,"href":"https:\/\/dev.garden.ee\/en\/wp-json\/wp\/v2\/product_cat?post=11513"},{"taxonomy":"product_tag","embeddable":true,"href":"https:\/\/dev.garden.ee\/en\/wp-json\/wp\/v2\/product_tag?post=11513"}],"curies":[{"name":"wp","href":"https:\/\/api.w.org\/{rel}","templated":true}]}}