{"id":11507,"date":"2023-01-18T18:40:14","date_gmt":"2023-01-18T16:40:14","guid":{"rendered":"https:\/\/dev.zezz.ee\/garden\/toode\/hemerocallis-bettylen-uus\/"},"modified":"2026-02-25T13:24:38","modified_gmt":"2026-02-25T11:24:38","slug":"hemerocallis-bettylen","status":"publish","type":"product","link":"https:\/\/dev.garden.ee\/en\/product\/hemerocallis-bettylen\/","title":{"rendered":"Hemerocallis &#8216;Bettylen&#8217;"},"content":{"rendered":"<input class=\"fooboxshare_post_id\" type=\"hidden\" value=\"11507\"\/>","protected":false},"excerpt":{"rendered":"<p>T\u00e4iskavanud taim on k\u00fcllaltki tihe, k\u00f5rrelisi meenutav puhmas. Tumerohelise lehestiku taustal kerkivad esile suured purpursed, sakilise valge \u00e4\u00e4rega \u00f5ied.\u00a0P\u00e4evaliiliad on kaunid massistutusena, kuna oma kaunite \u00f5ite ja tiheda lehestikuga moodustavad imekauni pinnakatte, kust ei tr\u00fcgi l\u00e4bi isegi umbrohi. Taimed on v\u00e4hest hoolt n\u00f5udvad, vastupidavad ja k\u00fclmakindlad.\u00a0Vana lehestiku v\u00f5iks eemaldada hiliss\u00fcgisel. \u00d5itsemist soodustavad kaaliumirikkad v\u00e4etised.<\/p>","protected":false},"featured_media":11508,"template":"","meta":[],"product_brand":[],"product_cat":[4415,4401,4409,4392,22],"product_tag":[],"class_list":{"0":"post-11507","1":"product","2":"type-product","3":"status-publish","4":"has-post-thumbnail","6":"product_cat-lilleaed","7":"product_cat-pusikud","8":"product_cat-tiigiaed","9":"product_cat-tiigitaimed","10":"product_cat-taimed","11":"pa_haiguskindlus-vaga-hea","12":"pa_lohn-lohnav","13":"pa_moodud-k-60-cm-l-50-cm","14":"pa_oie-varv-purpurne","15":"pa_oitsemise-aeg-juuli-august","16":"pa_talvekindlus-vaga-hea","17":"pa_tsoon-z-3-9","18":"pa_variatsioon-suurem-pott","19":"pa_variatsioon-vaiksem-pott","21":"first","22":"instock","23":"purchasable","24":"product-type-variable"},"acf":[],"_links":{"self":[{"href":"https:\/\/dev.garden.ee\/en\/wp-json\/wp\/v2\/product\/11507","targetHints":{"allow":["GET"]}}],"collection":[{"href":"https:\/\/dev.garden.ee\/en\/wp-json\/wp\/v2\/product"}],"about":[{"href":"https:\/\/dev.garden.ee\/en\/wp-json\/wp\/v2\/types\/product"}],"wp:featuredmedia":[{"embeddable":true,"href":"https:\/\/dev.garden.ee\/en\/wp-json\/wp\/v2\/media\/11508"}],"wp:attachment":[{"href":"https:\/\/dev.garden.ee\/en\/wp-json\/wp\/v2\/media?parent=11507"}],"wp:term":[{"taxonomy":"product_brand","embeddable":true,"href":"https:\/\/dev.garden.ee\/en\/wp-json\/wp\/v2\/product_brand?post=11507"},{"taxonomy":"product_cat","embeddable":true,"href":"https:\/\/dev.garden.ee\/en\/wp-json\/wp\/v2\/product_cat?post=11507"},{"taxonomy":"product_tag","embeddable":true,"href":"https:\/\/dev.garden.ee\/en\/wp-json\/wp\/v2\/product_tag?post=11507"}],"curies":[{"name":"wp","href":"https:\/\/api.w.org\/{rel}","templated":true}]}}