{"id":11504,"date":"2023-01-18T18:40:11","date_gmt":"2023-01-18T16:40:11","guid":{"rendered":"https:\/\/dev.zezz.ee\/garden\/toode\/hemerocallis-bestseller-uus\/"},"modified":"2026-02-25T13:23:07","modified_gmt":"2026-02-25T11:23:07","slug":"hemerocallis-bestseller","status":"publish","type":"product","link":"https:\/\/dev.garden.ee\/en\/product\/hemerocallis-bestseller\/","title":{"rendered":"Hemerocallis &#8216;Bestseller&#8217;"},"content":{"rendered":"<input class=\"fooboxshare_post_id\" type=\"hidden\" value=\"11504\"\/>","protected":false},"excerpt":{"rendered":"<p>\u00d5ied on lillad, v\u00e4ljapoole kaarduvate sakiliste kollase \u00e4\u00e4risega kroonlehtedega.\u00a0Atraktiivsete suurte \u00f5itega, p\u00f5ua- ja kuumuskindel ning hooldusvaba, on p\u00e4evaliilia peaaegu ideaalne dekoratiivp\u00fcsik. Kesksuvest kuni s\u00fcgiseni \u00f5itsev taim moodustab kuni 70 cm k\u00f5rgusi l\u00e4ikivate heleroheliste lineaalsete lehtedega klumpe, millede kohale k\u00f5rguvad ligi meetrini ulatuvad \u00f5ievarred.\u00a0 Aeglasest risoomist paljunev lill sobib h\u00e4sti kombineerituna teiste \u00f5itsvate taimedega. Kuigi v\u00e4hen\u00f5udlik nii pinnase, kui ka valguse osas, kasvab k\u00f5ige kaunimalt parajalt niiskes ja keskmiselt viljakas pinnas, p\u00e4ikeselisel kasvukohal.<\/p>","protected":false},"featured_media":11505,"template":"","meta":[],"product_brand":[],"product_cat":[4415,4401,4409,4392,22],"product_tag":[],"class_list":{"0":"post-11504","1":"product","2":"type-product","3":"status-publish","4":"has-post-thumbnail","6":"product_cat-lilleaed","7":"product_cat-pusikud","8":"product_cat-tiigiaed","9":"product_cat-tiigitaimed","10":"product_cat-taimed","11":"pa_haiguskindlus-vaga-hea","12":"pa_lohn-lohnav","13":"pa_moodud-k-70-cm-l-50-cm","14":"pa_oie-varv-mitmevarviline","15":"pa_oitsemise-aeg-juuli-august","16":"pa_talvekindlus-vaga-hea","17":"pa_tsoon-z-3-9","18":"pa_variatsioon-suurem-pott","19":"pa_variatsioon-vaiksem-pott","21":"first","22":"instock","23":"purchasable","24":"product-type-variable"},"acf":[],"_links":{"self":[{"href":"https:\/\/dev.garden.ee\/en\/wp-json\/wp\/v2\/product\/11504","targetHints":{"allow":["GET"]}}],"collection":[{"href":"https:\/\/dev.garden.ee\/en\/wp-json\/wp\/v2\/product"}],"about":[{"href":"https:\/\/dev.garden.ee\/en\/wp-json\/wp\/v2\/types\/product"}],"wp:featuredmedia":[{"embeddable":true,"href":"https:\/\/dev.garden.ee\/en\/wp-json\/wp\/v2\/media\/11505"}],"wp:attachment":[{"href":"https:\/\/dev.garden.ee\/en\/wp-json\/wp\/v2\/media?parent=11504"}],"wp:term":[{"taxonomy":"product_brand","embeddable":true,"href":"https:\/\/dev.garden.ee\/en\/wp-json\/wp\/v2\/product_brand?post=11504"},{"taxonomy":"product_cat","embeddable":true,"href":"https:\/\/dev.garden.ee\/en\/wp-json\/wp\/v2\/product_cat?post=11504"},{"taxonomy":"product_tag","embeddable":true,"href":"https:\/\/dev.garden.ee\/en\/wp-json\/wp\/v2\/product_tag?post=11504"}],"curies":[{"name":"wp","href":"https:\/\/api.w.org\/{rel}","templated":true}]}}