{"id":1149,"date":"2023-01-18T17:01:24","date_gmt":"2023-01-18T15:01:24","guid":{"rendered":"https:\/\/dev.zezz.ee\/garden\/toode\/campanula-poscharskyana\/"},"modified":"2026-02-19T09:11:26","modified_gmt":"2026-02-19T07:11:26","slug":"campanula-poscharskyana","status":"publish","type":"product","link":"https:\/\/dev.garden.ee\/en\/product\/campanula-poscharskyana\/","title":{"rendered":"Campanula poscharskyana"},"content":{"rendered":"<input class=\"fooboxshare_post_id\" type=\"hidden\" value=\"1149\"\/>","protected":false},"excerpt":{"rendered":"<p>See edev k\u00e4\u00e4busvorm on tihti kasutust leidnud kiviktaimlates, peenra \u00e4\u00e4ristuses v\u00f5i n\u00e4iteks konteinerites. Taim moodustab rohelise lehestikuga laiuva lapikese, mis kattub kevadel lavendlisinise \u00f5itemerega. Tegemist on v\u00e4ga j\u00f5ulise taimega, seega tuleks ta istutada \u00f5rnematest taimedest eraldi, vastasel juhul v\u00f5ib ta need \u00e4ra l\u00e4mmatada. Taime v\u00f5ib edukalt kasutada v\u00e4iksemate piirkondade pinnakattetaimena, v\u00e4ga kena kooslusena n\u00e4iteks roosip\u00f5\u00f5saste all.<\/p>\n<p>Peale \u00f5itsemist tuleks taime tugevalt tagasi l\u00f5igata, et s\u00e4ilitada tema kompaktne v\u00e4limus.<\/p>","protected":false},"featured_media":1150,"template":"","meta":[],"product_brand":[],"product_cat":[9637,4415,4406,9200,4401,22],"product_tag":[],"class_list":{"0":"post-1149","1":"product","2":"type-product","3":"status-publish","4":"has-post-thumbnail","6":"product_cat-istutuskast","7":"product_cat-lilleaed","8":"product_cat-park","9":"product_cat-pinnakatjad","10":"product_cat-pusikud","11":"product_cat-taimed","12":"pa_haiguskindlus-hea","13":"pa_kasvukorgus-10-15-cm","14":"pa_laius-45-60-cm","15":"pa_lisainfo-hea-pinnakatja","16":"pa_lisainfo-janese-kahjustustele-vastupidav","17":"pa_lisainfo-sobilik-istutuskasti-jaoks","18":"pa_lisainfo-sobib-osalise-varjuga-kasvualale","19":"pa_oie-varv-lillakassinine","20":"pa_oitsemise-aeg-juuni","21":"pa_talvekindlus-vaga-hea","22":"pa_tingimused-hea-drenaaz","23":"pa_tingimused-niiske","24":"pa_tsoon-3-9","25":"pa_valguse-tingimused-paike","26":"pa_valguse-tingimused-poolvari","27":"pa_variatsioon-suurem-pott","28":"pa_variatsioon-vaiksem-pott","30":"first","31":"instock","32":"purchasable","33":"product-type-variable"},"acf":[],"_links":{"self":[{"href":"https:\/\/dev.garden.ee\/en\/wp-json\/wp\/v2\/product\/1149","targetHints":{"allow":["GET"]}}],"collection":[{"href":"https:\/\/dev.garden.ee\/en\/wp-json\/wp\/v2\/product"}],"about":[{"href":"https:\/\/dev.garden.ee\/en\/wp-json\/wp\/v2\/types\/product"}],"wp:featuredmedia":[{"embeddable":true,"href":"https:\/\/dev.garden.ee\/en\/wp-json\/wp\/v2\/media\/1150"}],"wp:attachment":[{"href":"https:\/\/dev.garden.ee\/en\/wp-json\/wp\/v2\/media?parent=1149"}],"wp:term":[{"taxonomy":"product_brand","embeddable":true,"href":"https:\/\/dev.garden.ee\/en\/wp-json\/wp\/v2\/product_brand?post=1149"},{"taxonomy":"product_cat","embeddable":true,"href":"https:\/\/dev.garden.ee\/en\/wp-json\/wp\/v2\/product_cat?post=1149"},{"taxonomy":"product_tag","embeddable":true,"href":"https:\/\/dev.garden.ee\/en\/wp-json\/wp\/v2\/product_tag?post=1149"}],"curies":[{"name":"wp","href":"https:\/\/api.w.org\/{rel}","templated":true}]}}