{"id":11457,"date":"2023-01-18T18:39:38","date_gmt":"2023-01-18T16:39:38","guid":{"rendered":"https:\/\/dev.zezz.ee\/garden\/toode\/centaurea-montana-jordy-uus\/"},"modified":"2026-02-19T11:12:27","modified_gmt":"2026-02-19T09:12:27","slug":"centaurea-montana-jordy","status":"publish","type":"product","link":"https:\/\/dev.garden.ee\/en\/product\/centaurea-montana-jordy\/","title":{"rendered":"Centaurea montana &#8216;Jordy&#8217;"},"content":{"rendered":"<input class=\"fooboxshare_post_id\" type=\"hidden\" value=\"11457\"\/>","protected":false},"excerpt":{"rendered":"<p>Selle sordi \u00f5ied on \u00f5rnade kitsaste kroonlehtedega sinakas-lillat tooni. Rukilillega samast perekonnast p\u00e4rit m\u00e4gijumikas on v\u00e4ga eluj\u00f5uline ja vastupidav p\u00fcsik. Kannatab igasugust mulda ja kliimat.<\/p>\n<p>N\u00e4rtsinud \u00f5ite eemaldamine soodustab uuesti\u00f5itsemist ja piirab isepaljunemist.<\/p>\n<p>Sobib l\u00f5ikelilleks.<\/p>","protected":false},"featured_media":11458,"template":"","meta":[],"product_brand":[],"product_cat":[4415,4413,4401,22],"product_tag":[],"class_list":{"0":"post-11457","1":"product","2":"type-product","3":"status-publish","4":"has-post-thumbnail","6":"product_cat-lilleaed","7":"product_cat-loikelilleaed","8":"product_cat-pusikud","9":"product_cat-taimed","10":"pa_haiguskindlus-vaga-hea","11":"pa_kasvukorgus-40-cm","12":"pa_laius-40-60-cm","13":"pa_lisainfo-sobib-loikelilleks","14":"pa_lisainfo-sobib-osalise-varjuga-kasvualale","15":"pa_oie-varv-lilla","16":"pa_oitsemise-aeg-juuni-juuli","17":"pa_talvekindlus-vaga-hea","18":"pa_tingimused-koik-mullatuubid","19":"pa_tingimused-neutraalne","20":"pa_tsoon-3-9","21":"pa_valguse-tingimused-paike","22":"pa_valguse-tingimused-poolvari","23":"pa_variatsioon-suurem-pott","24":"pa_variatsioon-vaiksem-pott","26":"first","27":"instock","28":"purchasable","29":"product-type-variable"},"acf":[],"_links":{"self":[{"href":"https:\/\/dev.garden.ee\/en\/wp-json\/wp\/v2\/product\/11457","targetHints":{"allow":["GET"]}}],"collection":[{"href":"https:\/\/dev.garden.ee\/en\/wp-json\/wp\/v2\/product"}],"about":[{"href":"https:\/\/dev.garden.ee\/en\/wp-json\/wp\/v2\/types\/product"}],"wp:featuredmedia":[{"embeddable":true,"href":"https:\/\/dev.garden.ee\/en\/wp-json\/wp\/v2\/media\/11458"}],"wp:attachment":[{"href":"https:\/\/dev.garden.ee\/en\/wp-json\/wp\/v2\/media?parent=11457"}],"wp:term":[{"taxonomy":"product_brand","embeddable":true,"href":"https:\/\/dev.garden.ee\/en\/wp-json\/wp\/v2\/product_brand?post=11457"},{"taxonomy":"product_cat","embeddable":true,"href":"https:\/\/dev.garden.ee\/en\/wp-json\/wp\/v2\/product_cat?post=11457"},{"taxonomy":"product_tag","embeddable":true,"href":"https:\/\/dev.garden.ee\/en\/wp-json\/wp\/v2\/product_tag?post=11457"}],"curies":[{"name":"wp","href":"https:\/\/api.w.org\/{rel}","templated":true}]}}