{"id":11414,"date":"2023-01-18T18:39:07","date_gmt":"2023-01-18T16:39:07","guid":{"rendered":"https:\/\/dev.zezz.ee\/garden\/toode\/aloysia-triphylla-uus\/"},"modified":"2023-03-01T19:08:36","modified_gmt":"2023-03-01T17:08:36","slug":"aloysia-triphylla-uus","status":"publish","type":"product","link":"https:\/\/dev.garden.ee\/en\/product\/aloysia-triphylla-uus\/","title":{"rendered":"Aloysia triphylla"},"content":{"rendered":"<input class=\"fooboxshare_post_id\" type=\"hidden\" value=\"11414\"\/>","protected":false},"excerpt":{"rendered":"<p><em>SYN. Aloysia citrodora<\/em>, samuti ka sidruni verbena, on L\u00f5una-Ameerikast p\u00e4rit verbena perekonda kuuluv \u00f5istaimede liik. Kompaktne roheline p\u00f5\u00f5sas, sidrunil\u00f5hnaliste lehtedega. Soojemates piirkondades v\u00f5ib p\u00f5\u00f5sas kasvada kuni 2 meetriseks. S\u00f6\u00f6davad lehed sobivad salatitesse v\u00f5i teejoogiks. Kuivatatud lehed on ideaalseks \u00f6ko-l\u00f5hnastajaks. Taime lehtedes leiduv eeterlik \u00f5li on t\u00f5hus putukat\u00f5rjevahend.<\/p>\n<p>&nbsp;<\/p>","protected":false},"featured_media":23107,"template":"","meta":[],"product_brand":[],"product_cat":[4403,4414,6934,4411,4393,22],"product_tag":[],"class_list":{"0":"post-11414","1":"product","2":"type-product","3":"status-publish","4":"has-post-thumbnail","6":"product_cat-kodu","7":"product_cat-lohnaaed","8":"product_cat-mesilassobralik-aed","9":"product_cat-urdiaed","10":"product_cat-urdid","11":"product_cat-taimed","12":"pa_lohn-tugev","13":"pa_moodud-k-50-100-cm-l-50-100-cm","14":"pa_oie-varv-valge","15":"pa_oitsemise-aeg-juuli-august","16":"pa_variatsioon-suurem-pott","17":"pa_variatsioon-vaiksem-pott","19":"first","20":"outofstock","21":"purchasable","22":"product-type-variable"},"acf":[],"_links":{"self":[{"href":"https:\/\/dev.garden.ee\/en\/wp-json\/wp\/v2\/product\/11414","targetHints":{"allow":["GET"]}}],"collection":[{"href":"https:\/\/dev.garden.ee\/en\/wp-json\/wp\/v2\/product"}],"about":[{"href":"https:\/\/dev.garden.ee\/en\/wp-json\/wp\/v2\/types\/product"}],"wp:featuredmedia":[{"embeddable":true,"href":"https:\/\/dev.garden.ee\/en\/wp-json\/wp\/v2\/media\/23107"}],"wp:attachment":[{"href":"https:\/\/dev.garden.ee\/en\/wp-json\/wp\/v2\/media?parent=11414"}],"wp:term":[{"taxonomy":"product_brand","embeddable":true,"href":"https:\/\/dev.garden.ee\/en\/wp-json\/wp\/v2\/product_brand?post=11414"},{"taxonomy":"product_cat","embeddable":true,"href":"https:\/\/dev.garden.ee\/en\/wp-json\/wp\/v2\/product_cat?post=11414"},{"taxonomy":"product_tag","embeddable":true,"href":"https:\/\/dev.garden.ee\/en\/wp-json\/wp\/v2\/product_tag?post=11414"}],"curies":[{"name":"wp","href":"https:\/\/api.w.org\/{rel}","templated":true}]}}