{"id":11409,"date":"2023-01-18T18:39:04","date_gmt":"2023-01-18T16:39:04","guid":{"rendered":"https:\/\/dev.zezz.ee\/garden\/toode\/coreopsis-verticillata-moonbeam-uus\/"},"modified":"2026-02-19T20:03:03","modified_gmt":"2026-02-19T18:03:03","slug":"coreopsis-verticillata-moonbeam","status":"publish","type":"product","link":"https:\/\/dev.garden.ee\/en\/product\/coreopsis-verticillata-moonbeam\/","title":{"rendered":"Coreopsis verticillata &#8216;Moonbeam&#8217;"},"content":{"rendered":"<input class=\"fooboxshare_post_id\" type=\"hidden\" value=\"11409\"\/>","protected":false},"excerpt":{"rendered":"<p>P\u00f5ua- ja niiskuskindel p\u00fcsik,\u00a0mida on lihtne kasvatada, sobib h\u00e4sti alpiaeda v\u00f5i muule kivisele pinnasele. Suurema sekkumiseta ning optimaalsetes tingimustes v\u00f5imeline end ise seemnest paljundama. Peenras kasvatades kipub kergesti rohtuma, seega oleks seal j\u00e4lgimine vajalik. V\u00e4ga raske lamandumise korral soovitav taim suvel tagasi l\u00f5igata, siis\u00a0 kasvatab uued tugevamad v\u00f5rsed. \u00d5itsenud \u00f5ied \u00e4ra l\u00f5igata, mis soodustab uute teket. Kaunid ka vaasis. Aias meelitab edukalt ligi mesilasi ning teisi tolmeldajaid.<\/p>","protected":false},"featured_media":11410,"template":"","meta":[],"product_brand":[],"product_cat":[9503,4415,4413,6934,9200,4401,22],"product_tag":[],"class_list":{"0":"post-11409","1":"product","2":"type-product","3":"status-publish","4":"has-post-thumbnail","6":"product_cat-kiviktaimla","7":"product_cat-lilleaed","8":"product_cat-loikelilleaed","9":"product_cat-mesilassobralik-aed","10":"product_cat-pinnakatjad","11":"product_cat-pusikud","12":"product_cat-taimed","13":"pa_kasvukorgus-30-45-cm","14":"pa_laius-30-45-cm-2","15":"pa_lisainfo-mesilaste-lemmik","16":"pa_lisainfo-sobib-loikelilleks","17":"pa_lisainfo-talub-pouda","18":"pa_oie-varv-kreemjas","19":"pa_oitsemise-aeg-juuni-august","20":"pa_tingimused-kruusane","21":"pa_tingimused-kuiv","22":"pa_tingimused-liivane","23":"pa_tsoon-4-9","24":"pa_valguse-tingimused-paike","25":"pa_variatsioon-suurem-pott","26":"pa_variatsioon-vaiksem-pott","28":"first","29":"instock","30":"purchasable","31":"product-type-variable"},"acf":[],"_links":{"self":[{"href":"https:\/\/dev.garden.ee\/en\/wp-json\/wp\/v2\/product\/11409","targetHints":{"allow":["GET"]}}],"collection":[{"href":"https:\/\/dev.garden.ee\/en\/wp-json\/wp\/v2\/product"}],"about":[{"href":"https:\/\/dev.garden.ee\/en\/wp-json\/wp\/v2\/types\/product"}],"wp:featuredmedia":[{"embeddable":true,"href":"https:\/\/dev.garden.ee\/en\/wp-json\/wp\/v2\/media\/11410"}],"wp:attachment":[{"href":"https:\/\/dev.garden.ee\/en\/wp-json\/wp\/v2\/media?parent=11409"}],"wp:term":[{"taxonomy":"product_brand","embeddable":true,"href":"https:\/\/dev.garden.ee\/en\/wp-json\/wp\/v2\/product_brand?post=11409"},{"taxonomy":"product_cat","embeddable":true,"href":"https:\/\/dev.garden.ee\/en\/wp-json\/wp\/v2\/product_cat?post=11409"},{"taxonomy":"product_tag","embeddable":true,"href":"https:\/\/dev.garden.ee\/en\/wp-json\/wp\/v2\/product_tag?post=11409"}],"curies":[{"name":"wp","href":"https:\/\/api.w.org\/{rel}","templated":true}]}}