{"id":11394,"date":"2023-01-18T18:38:58","date_gmt":"2023-01-18T16:38:58","guid":{"rendered":"https:\/\/dev.zezz.ee\/garden\/toode\/echinacea-purpurea-green-twister-uus\/"},"modified":"2026-02-22T20:31:53","modified_gmt":"2026-02-22T18:31:53","slug":"echinacea-purpurea-green-twister","status":"publish","type":"product","link":"https:\/\/dev.garden.ee\/en\/product\/echinacea-purpurea-green-twister\/","title":{"rendered":"Echinacea purpurea &#8216;Green Twister&#8217;"},"content":{"rendered":"<input class=\"fooboxshare_post_id\" type=\"hidden\" value=\"11394\"\/>","protected":false},"excerpt":{"rendered":"<p>T\u00e4helepanuv\u00e4\u00e4rselt suurte \u00f5itega kaunitar. T\u00e4rgates on \u00f5ied rohelised, aeglaselt muutuvad kroonlehed \u00f5ies\u00fcdamiku juurest lillakasroosaks. Nagu teisedki siilk\u00fcbarad on ka see sort v\u00e4ga kergesti paljunev ja rohke\u00f5ieline. Juba \u00fcksik taim suudab luua m\u00e4rkimisv\u00e4\u00e4rse koguse \u00f5isi. Meelitavad aeda mesilasi ja liblikaid.\u00a0Samuti on v\u00e4ga v\u00e4\u00e4rtuslik ja kauap\u00fcsiv l\u00f5ikelillena. V\u00f5ib istutada \u00fcksikult, r\u00fchmadena, massina. Kasvukoht peab olema p\u00e4ikesepaisteline. H\u00e4\u00e4bunud \u00f5ite eemaldamine aitab taime \u00f5itsemisperioodi pikendada, nii saab \u00f5ieilu nautida kuni s\u00fcgiseni.<\/p>","protected":false},"featured_media":11395,"template":"","meta":[],"product_brand":[],"product_cat":[9637,4415,4413,6934,4401,22],"product_tag":[],"class_list":{"0":"post-11394","1":"product","2":"type-product","3":"status-publish","4":"has-post-thumbnail","6":"product_cat-istutuskast","7":"product_cat-lilleaed","8":"product_cat-loikelilleaed","9":"product_cat-mesilassobralik-aed","10":"product_cat-pusikud","11":"product_cat-taimed","12":"pa_haiguskindlus-vaga-hea","13":"pa_kasvukorgus-90-100-cm","14":"pa_laius-45-60-cm","15":"pa_lisainfo-mesilaste-lemmik","16":"pa_lisainfo-sobilik-istutuskasti-jaoks","17":"pa_lisainfo-sobib-loikelilleks","18":"pa_lisainfo-sobib-osalise-varjuga-kasvualale","19":"pa_lohn-orn","20":"pa_oie-varv-roheline","21":"pa_oie-varv-roosa","22":"pa_oitsemise-aeg-juuli-september","23":"pa_talvekindlus-vaga-hea","24":"pa_tingimused-hea-drenaaz","25":"pa_tingimused-viljakas","26":"pa_tsoon-4-9","27":"pa_valguse-tingimused-paike","28":"pa_valguse-tingimused-poolvari","29":"pa_variatsioon-suurem-pott","30":"pa_variatsioon-vaiksem-pott","32":"first","33":"instock","34":"purchasable","35":"product-type-variable"},"acf":[],"_links":{"self":[{"href":"https:\/\/dev.garden.ee\/en\/wp-json\/wp\/v2\/product\/11394","targetHints":{"allow":["GET"]}}],"collection":[{"href":"https:\/\/dev.garden.ee\/en\/wp-json\/wp\/v2\/product"}],"about":[{"href":"https:\/\/dev.garden.ee\/en\/wp-json\/wp\/v2\/types\/product"}],"wp:featuredmedia":[{"embeddable":true,"href":"https:\/\/dev.garden.ee\/en\/wp-json\/wp\/v2\/media\/11395"}],"wp:attachment":[{"href":"https:\/\/dev.garden.ee\/en\/wp-json\/wp\/v2\/media?parent=11394"}],"wp:term":[{"taxonomy":"product_brand","embeddable":true,"href":"https:\/\/dev.garden.ee\/en\/wp-json\/wp\/v2\/product_brand?post=11394"},{"taxonomy":"product_cat","embeddable":true,"href":"https:\/\/dev.garden.ee\/en\/wp-json\/wp\/v2\/product_cat?post=11394"},{"taxonomy":"product_tag","embeddable":true,"href":"https:\/\/dev.garden.ee\/en\/wp-json\/wp\/v2\/product_tag?post=11394"}],"curies":[{"name":"wp","href":"https:\/\/api.w.org\/{rel}","templated":true}]}}