{"id":1137,"date":"2023-01-18T17:01:16","date_gmt":"2023-01-18T15:01:16","guid":{"rendered":"https:\/\/dev.zezz.ee\/garden\/toode\/calamintha-nepeta-ssp-nepeta\/"},"modified":"2026-02-18T18:14:37","modified_gmt":"2026-02-18T16:14:37","slug":"calamintha-nepeta-ssp-nepeta","status":"publish","type":"product","link":"https:\/\/dev.garden.ee\/en\/product\/calamintha-nepeta-ssp-nepeta\/","title":{"rendered":"Calamintha nepeta ssp. nepeta"},"content":{"rendered":"<input class=\"fooboxshare_post_id\" type=\"hidden\" value=\"1137\"\/>","protected":false},"excerpt":{"rendered":"<p>V\u00e4ikesed kergelt sakilised, hallikasrohelised lehed. \u00d5ied \u00f5rnlillast kuni valgeni, pikkadel vartel avatud \u00f5isikutes. \u00d5itseb kogu hooaja v\u00e4ltel. Taim on aedm\u00fcndi kauge sugulane, kuid ta ei paljune massiliselt ega muutu t\u00fc\u00fctuks.\u00a0Lehed tugevalt aromaatsed nagu piparm\u00fcndil. Hinnatud p\u00fcsilill kiviktaimlates ja alpiaedades, just oma pika \u00f5itseaja t\u00f5ttu. Sobib kasvatamiseks ka konteineris, miksituna teiste taimedega. V\u00e4hen\u00f5udlik ja vastupidav nii kuuma ja kuiva ilma suhtes kui ka jaheda ja vihmase ilma puhul. Augusti algul, kui taim pisut v\u00e4sinud moega, v\u00f5ib taime tugevasti k\u00e4rpida. Nii saab taim j\u00f5udu ning v\u00e4rskust juurde ja on peagi sama kaunis, kui enne.<\/p>","protected":false},"featured_media":1138,"template":"","meta":[],"product_brand":[],"product_cat":[9637,9503,4415,9702,4414,4413,6934,4401,9550,4411,4393,22],"product_tag":[],"class_list":{"0":"post-1137","1":"product","2":"type-product","3":"status-publish","4":"has-post-thumbnail","6":"product_cat-istutuskast","7":"product_cat-kiviktaimla","8":"product_cat-lilleaed","9":"product_cat-linnaaed","10":"product_cat-lohnaaed","11":"product_cat-loikelilleaed","12":"product_cat-mesilassobralik-aed","13":"product_cat-pusikud","14":"product_cat-rodu-ja-terrass","15":"product_cat-urdiaed","16":"product_cat-urdid","17":"product_cat-taimed","18":"pa_haiguskindlus-vaga-hea","19":"pa_kasvukorgus-30-60-cm","20":"pa_laius-30-cm","21":"pa_lisainfo-hirve-kahjustustele-vastupidav","22":"pa_lisainfo-sobilik-istutuskasti-jaoks","23":"pa_lohn-lohnav","24":"pa_oie-varv-lilla","25":"pa_oitsemise-aeg-juuni-august","26":"pa_talvekindlus-vaga-hea","27":"pa_tingimused-hea-drenaaz","28":"pa_tsoon-4-9","29":"pa_valguse-tingimused-paike","30":"pa_variatsioon-suurem-pott","31":"pa_variatsioon-vaiksem-pott","33":"first","34":"instock","35":"purchasable","36":"product-type-variable"},"acf":[],"_links":{"self":[{"href":"https:\/\/dev.garden.ee\/en\/wp-json\/wp\/v2\/product\/1137","targetHints":{"allow":["GET"]}}],"collection":[{"href":"https:\/\/dev.garden.ee\/en\/wp-json\/wp\/v2\/product"}],"about":[{"href":"https:\/\/dev.garden.ee\/en\/wp-json\/wp\/v2\/types\/product"}],"wp:featuredmedia":[{"embeddable":true,"href":"https:\/\/dev.garden.ee\/en\/wp-json\/wp\/v2\/media\/1138"}],"wp:attachment":[{"href":"https:\/\/dev.garden.ee\/en\/wp-json\/wp\/v2\/media?parent=1137"}],"wp:term":[{"taxonomy":"product_brand","embeddable":true,"href":"https:\/\/dev.garden.ee\/en\/wp-json\/wp\/v2\/product_brand?post=1137"},{"taxonomy":"product_cat","embeddable":true,"href":"https:\/\/dev.garden.ee\/en\/wp-json\/wp\/v2\/product_cat?post=1137"},{"taxonomy":"product_tag","embeddable":true,"href":"https:\/\/dev.garden.ee\/en\/wp-json\/wp\/v2\/product_tag?post=1137"}],"curies":[{"name":"wp","href":"https:\/\/api.w.org\/{rel}","templated":true}]}}