{"id":11354,"date":"2023-01-18T18:38:29","date_gmt":"2023-01-18T16:38:29","guid":{"rendered":"https:\/\/dev.zezz.ee\/garden\/toode\/delosperma-jewel-of-desert-peridot-uus\/"},"modified":"2026-02-20T16:03:46","modified_gmt":"2026-02-20T14:03:46","slug":"delosperma-jewel-of-desert-peridot","status":"publish","type":"product","link":"https:\/\/dev.garden.ee\/en\/product\/delosperma-jewel-of-desert-peridot\/","title":{"rendered":"Delosperma &#8216;Jewel of Desert Peridot&#8217;"},"content":{"rendered":"<input class=\"fooboxshare_post_id\" type=\"hidden\" value=\"11354\"\/>","protected":false},"excerpt":{"rendered":"<p>Imeliselt atraktiivne, j\u00f5ulise kasvu ning vastupidavusega alpiaia taim. Kasvab keskmiselt viljakal kuni lahjal pinnasel. Tolereerib kivist ja kruusast kasvuala. Lisaks talub h\u00e4sti p\u00f5uda ja k\u00f5rgeid temperatuure. Lihav sinakasroheline lehestik annab ilmet isegi ilma \u00f5itsemiseta. \u00d5ied tihedad, heledate s\u00fcdamike ning kollaste kroonlehtedega. V\u00e4ga rikkaliku \u00f5itsemisega &#8211;\u00a0soojemate suveilmade saabumisest kuni s\u00fcgiseste k\u00fclmadeni, kattudes \u00f5ienuppudega tihedalt ja v\u00e4rvikalt.<\/p>","protected":false},"featured_media":11355,"template":"","meta":[],"product_brand":[],"product_cat":[9637,4415,9702,6934,9200,4401,9550,22],"product_tag":[],"class_list":{"0":"post-11354","1":"product","2":"type-product","3":"status-publish","4":"has-post-thumbnail","6":"product_cat-istutuskast","7":"product_cat-lilleaed","8":"product_cat-linnaaed","9":"product_cat-mesilassobralik-aed","10":"product_cat-pinnakatjad","11":"product_cat-pusikud","12":"product_cat-rodu-ja-terrass","13":"product_cat-taimed","14":"pa_haiguskindlus-vaga-hea","15":"pa_kasvukorgus-10-15-cm","16":"pa_laius-20-25-cm","17":"pa_lehestikuvarv-sinakasroheline","18":"pa_lisainfo-hea-pinnakatja","19":"pa_lisainfo-igihaljas","20":"pa_lisainfo-sobilik-istutuskasti-jaoks","21":"pa_lisainfo-talub-pouda","22":"pa_oie-varv-kollane","23":"pa_oitsemise-aeg-juuni-september","24":"pa_talvekindlus-kulmaorn","25":"pa_tingimused-hea-drenaaz","26":"pa_tingimused-kuiv","27":"pa_tsoon-5-9","28":"pa_valguse-tingimused-paike","29":"pa_variatsioon-suurem-pott","30":"pa_variatsioon-vaiksem-pott","32":"first","33":"instock","34":"purchasable","35":"product-type-variable"},"acf":[],"_links":{"self":[{"href":"https:\/\/dev.garden.ee\/en\/wp-json\/wp\/v2\/product\/11354","targetHints":{"allow":["GET"]}}],"collection":[{"href":"https:\/\/dev.garden.ee\/en\/wp-json\/wp\/v2\/product"}],"about":[{"href":"https:\/\/dev.garden.ee\/en\/wp-json\/wp\/v2\/types\/product"}],"wp:featuredmedia":[{"embeddable":true,"href":"https:\/\/dev.garden.ee\/en\/wp-json\/wp\/v2\/media\/11355"}],"wp:attachment":[{"href":"https:\/\/dev.garden.ee\/en\/wp-json\/wp\/v2\/media?parent=11354"}],"wp:term":[{"taxonomy":"product_brand","embeddable":true,"href":"https:\/\/dev.garden.ee\/en\/wp-json\/wp\/v2\/product_brand?post=11354"},{"taxonomy":"product_cat","embeddable":true,"href":"https:\/\/dev.garden.ee\/en\/wp-json\/wp\/v2\/product_cat?post=11354"},{"taxonomy":"product_tag","embeddable":true,"href":"https:\/\/dev.garden.ee\/en\/wp-json\/wp\/v2\/product_tag?post=11354"}],"curies":[{"name":"wp","href":"https:\/\/api.w.org\/{rel}","templated":true}]}}