{"id":11310,"date":"2023-01-18T18:38:07","date_gmt":"2023-01-18T16:38:07","guid":{"rendered":"https:\/\/dev.zezz.ee\/garden\/toode\/miscanthus-sinensis-zebrinus\/"},"modified":"2026-03-03T12:24:37","modified_gmt":"2026-03-03T10:24:37","slug":"miscanthus-sinensis-zebrinus","status":"publish","type":"product","link":"https:\/\/dev.garden.ee\/en\/product\/miscanthus-sinensis-zebrinus\/","title":{"rendered":"Miscanthus sinensis &#8216;Zebrinus&#8217;"},"content":{"rendered":"<input class=\"fooboxshare_post_id\" type=\"hidden\" value=\"11310\"\/>","protected":false},"excerpt":{"rendered":"<p>Lehed on vaheldumisi rohelise-kollase triibulised, erilisele v\u00e4limusele p\u00f6\u00f6rab t\u00e4helepanu ka juba sordi nimetus. S\u00fcgisel enne koltumist tuleb lehele juurde punakat, kollakat tooni. Moodustab kompaktse puhma, \u00f5itseb siidp\u00f6\u00f6risele omaselt: s\u00fcgise keskel ilmuvad lehepuhma kohale pikemad roosakat tooni sulgjad tuustid, mis ajapikku v\u00e4rvuvad kreemikaks ja p\u00fcsivad atraktiivsed kogu s\u00fcgis-talve hooaja jooksul.<\/p>","protected":false},"featured_media":11311,"template":"","meta":[],"product_brand":[],"product_cat":[4407,4400,4415,4401,22],"product_tag":[],"class_list":{"0":"post-11310","1":"product","2":"type-product","3":"status-publish","4":"has-post-thumbnail","6":"product_cat-aasad","7":"product_cat-korrelised","8":"product_cat-lilleaed","9":"product_cat-pusikud","10":"product_cat-taimed","11":"pa_haiguskindlus-vaga-hea","12":"pa_moodud-k-18-24-m-l-80-90-cm","13":"pa_oie-varv-roosa","14":"pa_oitsemise-aeg-september-oktoober","15":"pa_talvekindlus-hea","16":"pa_tsoon-z-5-9","17":"pa_variatsioon-suurem-pott","18":"pa_variatsioon-vaiksem-pott","20":"first","21":"outofstock","22":"sale","23":"purchasable","24":"product-type-variable"},"acf":[],"_links":{"self":[{"href":"https:\/\/dev.garden.ee\/en\/wp-json\/wp\/v2\/product\/11310","targetHints":{"allow":["GET"]}}],"collection":[{"href":"https:\/\/dev.garden.ee\/en\/wp-json\/wp\/v2\/product"}],"about":[{"href":"https:\/\/dev.garden.ee\/en\/wp-json\/wp\/v2\/types\/product"}],"wp:featuredmedia":[{"embeddable":true,"href":"https:\/\/dev.garden.ee\/en\/wp-json\/wp\/v2\/media\/11311"}],"wp:attachment":[{"href":"https:\/\/dev.garden.ee\/en\/wp-json\/wp\/v2\/media?parent=11310"}],"wp:term":[{"taxonomy":"product_brand","embeddable":true,"href":"https:\/\/dev.garden.ee\/en\/wp-json\/wp\/v2\/product_brand?post=11310"},{"taxonomy":"product_cat","embeddable":true,"href":"https:\/\/dev.garden.ee\/en\/wp-json\/wp\/v2\/product_cat?post=11310"},{"taxonomy":"product_tag","embeddable":true,"href":"https:\/\/dev.garden.ee\/en\/wp-json\/wp\/v2\/product_tag?post=11310"}],"curies":[{"name":"wp","href":"https:\/\/api.w.org\/{rel}","templated":true}]}}