{"id":1131,"date":"2023-01-18T17:01:13","date_gmt":"2023-01-18T15:01:13","guid":{"rendered":"https:\/\/dev.zezz.ee\/garden\/toode\/calamagrostis-x-acutiflora-overdam\/"},"modified":"2026-02-18T16:29:53","modified_gmt":"2026-02-18T14:29:53","slug":"calamagrostis-x-acutiflora-overdam","status":"publish","type":"product","link":"https:\/\/dev.garden.ee\/en\/product\/calamagrostis-x-acutiflora-overdam\/","title":{"rendered":"Calamagrostis x acutiflora &#8216;Overdam&#8217;"},"content":{"rendered":"<input class=\"fooboxshare_post_id\" type=\"hidden\" value=\"1131\"\/>","protected":false},"excerpt":{"rendered":"<p>Suhteliselt k\u00f5rge kasvuga, p\u00fcstise vormiga k\u00f5rreline, kitsad pikad lehed valgete servadega.\u00a0Varakevadel, enne, kui uued v\u00f5rsed ilmuvad, l\u00f5ika eelmise aasta kasv maha. Noored lehed on eriti h\u00f5rgu olemusega. \u00d5itsema hakkab taim suve algul, siis on \u00f5iep\u00e4hikud ploomilillad, hiljem muutuvad nisukollaseks. Taim on atraktiivse moega kuni hiliss\u00fcgiseni v\u00e4lja. K\u00f5rguse poolest sobib n\u00e4iteks taustataimeks v\u00f5i suurte gruppidena istutusaladele. Kaunis ka soolotaimena. Taim on piisavalt vastupidav, et kasvada konteineris.<\/p>","protected":false},"featured_media":1132,"template":"","meta":[],"product_brand":[],"product_cat":[4407,9637,4400,4415,4401,22],"product_tag":[],"class_list":{"0":"post-1131","1":"product","2":"type-product","3":"status-publish","4":"has-post-thumbnail","6":"product_cat-aasad","7":"product_cat-istutuskast","8":"product_cat-korrelised","9":"product_cat-lilleaed","10":"product_cat-pusikud","11":"product_cat-taimed","12":"pa_haiguskindlus-hea","13":"pa_kasvukorgus-100-cm","14":"pa_laius-50-cm","15":"pa_lehestikuvarv-roheline","16":"pa_lehestikuvarv-valge","17":"pa_lisainfo-dekoratiivne-lehestik","18":"pa_lisainfo-sobilik-istutuskasti-jaoks","19":"pa_oie-varv-beez","20":"pa_oitsemise-aeg-juuni-august","21":"pa_talvekindlus-hea","22":"pa_tingimused-parasniiske","23":"pa_tsoon-4-9","24":"pa_valguse-tingimused-paike","25":"pa_variatsioon-suurem-pott","26":"pa_variatsioon-vaiksem-pott","28":"first","29":"instock","30":"purchasable","31":"product-type-variable"},"acf":[],"_links":{"self":[{"href":"https:\/\/dev.garden.ee\/en\/wp-json\/wp\/v2\/product\/1131","targetHints":{"allow":["GET"]}}],"collection":[{"href":"https:\/\/dev.garden.ee\/en\/wp-json\/wp\/v2\/product"}],"about":[{"href":"https:\/\/dev.garden.ee\/en\/wp-json\/wp\/v2\/types\/product"}],"wp:featuredmedia":[{"embeddable":true,"href":"https:\/\/dev.garden.ee\/en\/wp-json\/wp\/v2\/media\/1132"}],"wp:attachment":[{"href":"https:\/\/dev.garden.ee\/en\/wp-json\/wp\/v2\/media?parent=1131"}],"wp:term":[{"taxonomy":"product_brand","embeddable":true,"href":"https:\/\/dev.garden.ee\/en\/wp-json\/wp\/v2\/product_brand?post=1131"},{"taxonomy":"product_cat","embeddable":true,"href":"https:\/\/dev.garden.ee\/en\/wp-json\/wp\/v2\/product_cat?post=1131"},{"taxonomy":"product_tag","embeddable":true,"href":"https:\/\/dev.garden.ee\/en\/wp-json\/wp\/v2\/product_tag?post=1131"}],"curies":[{"name":"wp","href":"https:\/\/api.w.org\/{rel}","templated":true}]}}