{"id":11300,"date":"2023-01-18T18:38:01","date_gmt":"2023-01-18T16:38:01","guid":{"rendered":"https:\/\/dev.zezz.ee\/garden\/toode\/miscanthus-sinensis-ghana\/"},"modified":"2026-03-03T11:02:14","modified_gmt":"2026-03-03T09:02:14","slug":"miscanthus-sinensis-ghana","status":"publish","type":"product","link":"https:\/\/dev.garden.ee\/en\/product\/miscanthus-sinensis-ghana\/","title":{"rendered":"Miscanthus sinensis &#8216;Ghana&#8217;"},"content":{"rendered":"<input class=\"fooboxshare_post_id\" type=\"hidden\" value=\"11300\"\/>","protected":false},"excerpt":{"rendered":"<p>\u00dcks atraktiivsemaid k\u00f5rrelisi, mis s\u00fcgisel t\u00e4ies hiilguses s\u00e4rama l\u00f6\u00f6b. Kompaktne, k\u00f5rgem rohelise lehestikuga puhmas muutub s\u00fcgisel puprurse ning oran\u017eikas-kollase kirjuks. \u00d5itsemine on samuti efektne: \u00f5isikud venitavad end pikalt \u00fcle lehepuhma k\u00f5rgemale, visates v\u00e4lja k\u00f5rrelistele omase \u00f5ietuti, mis algul on roosakas ja hiljem muutub h\u00f5bejasvalgeks. Taim p\u00fcsib atraktiivsena kogu s\u00fcgis-talvise hooaja.<\/p>","protected":false},"featured_media":11301,"template":"","meta":[],"product_brand":[],"product_cat":[4407,4400,4415,4401,22],"product_tag":[],"class_list":{"0":"post-11300","1":"product","2":"type-product","3":"status-publish","4":"has-post-thumbnail","6":"product_cat-aasad","7":"product_cat-korrelised","8":"product_cat-lilleaed","9":"product_cat-pusikud","10":"product_cat-taimed","11":"pa_haiguskindlus-vaga-hea","12":"pa_moodud-k-15-18-m-l-12-15-m","13":"pa_oie-varv-roosa","14":"pa_oitsemise-aeg-september-oktoober","15":"pa_talvekindlus-hea","16":"pa_tsoon-z-5-9","17":"pa_variatsioon-suurem-pott","18":"pa_variatsioon-vaiksem-pott","20":"first","21":"outofstock","22":"purchasable","23":"product-type-variable"},"acf":[],"_links":{"self":[{"href":"https:\/\/dev.garden.ee\/en\/wp-json\/wp\/v2\/product\/11300","targetHints":{"allow":["GET"]}}],"collection":[{"href":"https:\/\/dev.garden.ee\/en\/wp-json\/wp\/v2\/product"}],"about":[{"href":"https:\/\/dev.garden.ee\/en\/wp-json\/wp\/v2\/types\/product"}],"wp:featuredmedia":[{"embeddable":true,"href":"https:\/\/dev.garden.ee\/en\/wp-json\/wp\/v2\/media\/11301"}],"wp:attachment":[{"href":"https:\/\/dev.garden.ee\/en\/wp-json\/wp\/v2\/media?parent=11300"}],"wp:term":[{"taxonomy":"product_brand","embeddable":true,"href":"https:\/\/dev.garden.ee\/en\/wp-json\/wp\/v2\/product_brand?post=11300"},{"taxonomy":"product_cat","embeddable":true,"href":"https:\/\/dev.garden.ee\/en\/wp-json\/wp\/v2\/product_cat?post=11300"},{"taxonomy":"product_tag","embeddable":true,"href":"https:\/\/dev.garden.ee\/en\/wp-json\/wp\/v2\/product_tag?post=11300"}],"curies":[{"name":"wp","href":"https:\/\/api.w.org\/{rel}","templated":true}]}}