{"id":11296,"date":"2023-01-18T18:37:59","date_gmt":"2023-01-18T16:37:59","guid":{"rendered":"https:\/\/dev.zezz.ee\/garden\/toode\/pachysandra-terminalis-green-carpet\/"},"modified":"2026-03-05T09:53:04","modified_gmt":"2026-03-05T07:53:04","slug":"pachysandra-terminalis-green-carpet","status":"publish","type":"product","link":"https:\/\/dev.garden.ee\/en\/product\/pachysandra-terminalis-green-carpet\/","title":{"rendered":"Pachysandra terminalis &#8216;Green Carpet&#8217;"},"content":{"rendered":"<input class=\"fooboxshare_post_id\" type=\"hidden\" value=\"11296\"\/>","protected":false},"excerpt":{"rendered":"<p>V\u00e4ga efektne pinnakatja varjulisemale alale. P\u00fc\u00fcab pilku on tektuursete, l\u00e4ikivate lehtedega, kevadel ilmuvad taimele v\u00e4iksed valged \u00f5ied. Igihaljas taim, jagada saab iga 4 &#8211; 5 aasta tagant kevadel.<\/p>","protected":false},"featured_media":11297,"template":"","meta":[],"product_brand":[],"product_cat":[4406,9200,4401,4412,22],"product_tag":[],"class_list":{"0":"post-11296","1":"product","2":"type-product","3":"status-publish","4":"has-post-thumbnail","6":"product_cat-park","7":"product_cat-pinnakatjad","8":"product_cat-pusikud","9":"product_cat-varjuaed","10":"product_cat-taimed","11":"pa_haiguskindlus-hea","12":"pa_moodud-k-15-20-cm-l-30-45-cm","13":"pa_oie-varv-valge","14":"pa_oitsemise-aeg-mai","15":"pa_talvekindlus-vaga-hea","16":"pa_tsoon-z-3-9","17":"pa_variatsioon-suurem-pott","18":"pa_variatsioon-vaiksem-pott","20":"first","21":"outofstock","22":"purchasable","23":"product-type-variable"},"acf":[],"_links":{"self":[{"href":"https:\/\/dev.garden.ee\/en\/wp-json\/wp\/v2\/product\/11296","targetHints":{"allow":["GET"]}}],"collection":[{"href":"https:\/\/dev.garden.ee\/en\/wp-json\/wp\/v2\/product"}],"about":[{"href":"https:\/\/dev.garden.ee\/en\/wp-json\/wp\/v2\/types\/product"}],"wp:featuredmedia":[{"embeddable":true,"href":"https:\/\/dev.garden.ee\/en\/wp-json\/wp\/v2\/media\/11297"}],"wp:attachment":[{"href":"https:\/\/dev.garden.ee\/en\/wp-json\/wp\/v2\/media?parent=11296"}],"wp:term":[{"taxonomy":"product_brand","embeddable":true,"href":"https:\/\/dev.garden.ee\/en\/wp-json\/wp\/v2\/product_brand?post=11296"},{"taxonomy":"product_cat","embeddable":true,"href":"https:\/\/dev.garden.ee\/en\/wp-json\/wp\/v2\/product_cat?post=11296"},{"taxonomy":"product_tag","embeddable":true,"href":"https:\/\/dev.garden.ee\/en\/wp-json\/wp\/v2\/product_tag?post=11296"}],"curies":[{"name":"wp","href":"https:\/\/api.w.org\/{rel}","templated":true}]}}