{"id":11290,"date":"2023-01-18T18:37:56","date_gmt":"2023-01-18T16:37:56","guid":{"rendered":"https:\/\/dev.zezz.ee\/garden\/toode\/belle-romantica\/"},"modified":"2026-02-13T10:44:42","modified_gmt":"2026-02-13T08:44:42","slug":"belle-romantica","status":"publish","type":"product","link":"https:\/\/dev.garden.ee\/en\/product\/belle-romantica\/","title":{"rendered":"Belle Romantica\u00ae"},"content":{"rendered":"<input class=\"fooboxshare_post_id\" type=\"hidden\" value=\"11290\"\/>","protected":false},"excerpt":{"rendered":"<p>Belle Romantica \u00fchendab pehmetes toonides romantiliste rooside kogu ilu modernsete rooside omadustega, nagu suurep\u00e4rane haiguskindlus ja rikkalik \u00f5itsemine. Romantica sarja kuuluv roos on suure\u00f5ieline (u. 12 cm, 65 kroonlehega) ning v\u00e4ga vastupidav haigustele. Virsikuroosad, kreemjad \u00f5ied on tugeva tsitruse aroomiga. \u00d5itseb rikkalikult ja korduvalt suvest s\u00fcgiseni. P\u00f5\u00f5sas on lai, v\u00e4ga dekoratiivse ja j\u00f5ulise tumerohelise lehestikuga.<\/p>\n<p>Roos on nime saanud Friederike Wilhelmine Alexandrine Marie Helene von Preussen&#8217;i j\u00e4rgi, kes oli keiser Wilhelm I \u00f5de.<\/p>\n<p><span style=\"color: #ff0000;\">PALJASJUURSETE ETTETELLIMINE, V\u00c4LJASTAMINE APRILLI KESKPAIGAST<\/span><\/p>","protected":false},"featured_media":11291,"template":"","meta":[],"product_brand":[],"product_cat":[9637,4415,4414,4413,4416,4402,22],"product_tag":[],"class_list":{"0":"post-11290","1":"product","2":"type-product","3":"status-publish","4":"has-post-thumbnail","6":"product_cat-istutuskast","7":"product_cat-lilleaed","8":"product_cat-lohnaaed","9":"product_cat-loikelilleaed","10":"product_cat-roosiaed","11":"product_cat-roosid","12":"product_cat-taimed","13":"pa_aretus-meilland","14":"pa_avalikustamisaasta-prantsusmaa-2009","15":"pa_haiguskindlus-vaga-hea","16":"pa_kasvukorgus-50-80-cm","17":"pa_laius-50-cm","18":"pa_lisainfo-sobilik-istutuskasti-jaoks","19":"pa_lisainfo-sobib-loikelilleks","20":"pa_lohn-lohnav","21":"pa_lohn-tsitruseline","22":"pa_oie-suurus-ulisuur","23":"pa_oie-varv-aprikoosikarva","24":"pa_oie-varv-pastelne-roosa","25":"pa_oietuup-taidisois","26":"pa_oitsemine-korduvalt-oitsev","27":"pa_sort-teehubriidroos","28":"pa_talvekindlus-hea","29":"pa_variatsioon-paljasjuurne-ainult-kevadel","30":"pa_variatsioon-potis-4-6l","31":"pa_variatsioon-potis-4-6l-suvel-ja-sugisel","33":"first","34":"outofstock","35":"purchasable","36":"product-type-variable"},"acf":[],"_links":{"self":[{"href":"https:\/\/dev.garden.ee\/en\/wp-json\/wp\/v2\/product\/11290","targetHints":{"allow":["GET"]}}],"collection":[{"href":"https:\/\/dev.garden.ee\/en\/wp-json\/wp\/v2\/product"}],"about":[{"href":"https:\/\/dev.garden.ee\/en\/wp-json\/wp\/v2\/types\/product"}],"wp:featuredmedia":[{"embeddable":true,"href":"https:\/\/dev.garden.ee\/en\/wp-json\/wp\/v2\/media\/11291"}],"wp:attachment":[{"href":"https:\/\/dev.garden.ee\/en\/wp-json\/wp\/v2\/media?parent=11290"}],"wp:term":[{"taxonomy":"product_brand","embeddable":true,"href":"https:\/\/dev.garden.ee\/en\/wp-json\/wp\/v2\/product_brand?post=11290"},{"taxonomy":"product_cat","embeddable":true,"href":"https:\/\/dev.garden.ee\/en\/wp-json\/wp\/v2\/product_cat?post=11290"},{"taxonomy":"product_tag","embeddable":true,"href":"https:\/\/dev.garden.ee\/en\/wp-json\/wp\/v2\/product_tag?post=11290"}],"curies":[{"name":"wp","href":"https:\/\/api.w.org\/{rel}","templated":true}]}}