{"id":11273,"date":"2023-01-18T18:37:45","date_gmt":"2023-01-18T16:37:45","guid":{"rendered":"https:\/\/dev.zezz.ee\/garden\/toode\/phlox-douglasii-crackerjack\/"},"modified":"2026-03-05T20:16:38","modified_gmt":"2026-03-05T18:16:38","slug":"phlox-douglasii-crackerjack","status":"publish","type":"product","link":"https:\/\/dev.garden.ee\/en\/product\/phlox-douglasii-crackerjack\/","title":{"rendered":"Phlox douglasii &#8216;Crackerjack&#8217;"},"content":{"rendered":"<input class=\"fooboxshare_post_id\" type=\"hidden\" value=\"11273\"\/>","protected":false},"excerpt":{"rendered":"<p>Madalakasvuline, erksate vaarikapunaste \u00f5itega floks on suurep\u00e4rane pinnakatja kiviktaimlasse v\u00f5i peenarde \u00e4\u00e4ristajana. Lehed tumerohelised n\u00f5elataolised, kevade l\u00f5pus ilmub taimele hulgaliselt v\u00e4ikseid \u00f5isi. Kohe p\u00e4rast \u00f5itsemist tagasi l\u00f5igata, et julgustada taime tihedamaks kasvama. Vajab head drenaa\u017ei. Jagada iga 3 &#8211; 4 aasta tagant.<\/p>\n<p>V\u00f5itnud Garden of Merit auhinna (1993).<\/p>","protected":false},"featured_media":25906,"template":"","meta":[],"product_brand":[],"product_cat":[4415,6934,9200,4401,22],"product_tag":[9209],"class_list":{"0":"post-11273","1":"product","2":"type-product","3":"status-publish","4":"has-post-thumbnail","6":"product_cat-lilleaed","7":"product_cat-mesilassobralik-aed","8":"product_cat-pinnakatjad","9":"product_cat-pusikud","10":"product_cat-taimed","11":"product_tag-rhs-award-of-garden-merit","12":"pa_haiguskindlus-vaga-hea","13":"pa_moodud-k-5-10-cm-l-25-30-cm","14":"pa_oie-varv-roosa","15":"pa_oitsemise-aeg-mai-juuni","16":"pa_talvekindlus-vaga-hea","17":"pa_tsoon-2-9","18":"pa_variatsioon-suurem-pott","19":"pa_variatsioon-vaiksem-pott","21":"first","22":"outofstock","23":"purchasable","24":"product-type-variable"},"acf":[],"_links":{"self":[{"href":"https:\/\/dev.garden.ee\/en\/wp-json\/wp\/v2\/product\/11273","targetHints":{"allow":["GET"]}}],"collection":[{"href":"https:\/\/dev.garden.ee\/en\/wp-json\/wp\/v2\/product"}],"about":[{"href":"https:\/\/dev.garden.ee\/en\/wp-json\/wp\/v2\/types\/product"}],"wp:featuredmedia":[{"embeddable":true,"href":"https:\/\/dev.garden.ee\/en\/wp-json\/wp\/v2\/media\/25906"}],"wp:attachment":[{"href":"https:\/\/dev.garden.ee\/en\/wp-json\/wp\/v2\/media?parent=11273"}],"wp:term":[{"taxonomy":"product_brand","embeddable":true,"href":"https:\/\/dev.garden.ee\/en\/wp-json\/wp\/v2\/product_brand?post=11273"},{"taxonomy":"product_cat","embeddable":true,"href":"https:\/\/dev.garden.ee\/en\/wp-json\/wp\/v2\/product_cat?post=11273"},{"taxonomy":"product_tag","embeddable":true,"href":"https:\/\/dev.garden.ee\/en\/wp-json\/wp\/v2\/product_tag?post=11273"}],"curies":[{"name":"wp","href":"https:\/\/api.w.org\/{rel}","templated":true}]}}