{"id":11264,"date":"2023-01-18T18:37:39","date_gmt":"2023-01-18T16:37:39","guid":{"rendered":"https:\/\/dev.zezz.ee\/garden\/toode\/creme-chantilly\/"},"modified":"2026-02-02T17:30:10","modified_gmt":"2026-02-02T15:30:10","slug":"creme-chantilly","status":"publish","type":"product","link":"https:\/\/dev.garden.ee\/en\/product\/creme-chantilly\/","title":{"rendered":"Creme Chantilly\u00ae"},"content":{"rendered":"<input class=\"fooboxshare_post_id\" type=\"hidden\" value=\"11264\"\/>","protected":false},"excerpt":{"rendered":"<p>Kaunis puhasvalgete \u00f5itega p\u00f5\u00f5sasroos on suurep\u00e4rane heki loomiseks, teede \u00e4\u00e4ristuseks ja massistutuseks. V\u00e4ikesed, kuid kohevad t\u00e4idis\u00f5ied ilmuvad p\u00f5\u00f5sale kogu hooaja jooksul. P\u00f5\u00f5sas on\u00a0tihe ja kompaktne, lehed rohelised, matid. Erakordselt terve roosisort.<\/p>\n<p>P\u00e4rjatud paljude erinevate medalite ja auhindadega erinevatel roosiv\u00f5istlustel nii Euroopas kui\u00a0Ameerikas.<\/p>","protected":false},"featured_media":11265,"template":"","meta":[],"product_brand":[],"product_cat":[4395,4415,4416,4402,22],"product_tag":[],"class_list":{"0":"post-11264","1":"product","2":"type-product","3":"status-publish","4":"has-post-thumbnail","6":"product_cat-hekid","7":"product_cat-lilleaed","8":"product_cat-roosiaed","9":"product_cat-roosid","10":"product_cat-taimed","11":"pa_aretus-meilland","12":"pa_avalikustamisaasta-prantsusmaa-2015","13":"pa_haiguskindlus-vaga-hea","14":"pa_kasvukorgus-40-60-cm","15":"pa_laius-40-50-cm","16":"pa_lisainfo-ideaalne-heki-loomiseks","17":"pa_oie-suurus-vaike","18":"pa_oie-varv-valge","19":"pa_oietuup-taidisois","20":"pa_oitsemine-korduvalt-oitsev","21":"pa_sort-floribund-ehk-paljuoieline-roos","22":"pa_talvekindlus-hea","23":"pa_variatsioon-paljasjuurne-ainult-kevadel","24":"pa_variatsioon-potis-4-6l","25":"pa_variatsioon-potis-4-6l-suvel-ja-sugisel","27":"first","28":"outofstock","29":"purchasable","30":"product-type-variable"},"acf":[],"_links":{"self":[{"href":"https:\/\/dev.garden.ee\/en\/wp-json\/wp\/v2\/product\/11264","targetHints":{"allow":["GET"]}}],"collection":[{"href":"https:\/\/dev.garden.ee\/en\/wp-json\/wp\/v2\/product"}],"about":[{"href":"https:\/\/dev.garden.ee\/en\/wp-json\/wp\/v2\/types\/product"}],"wp:featuredmedia":[{"embeddable":true,"href":"https:\/\/dev.garden.ee\/en\/wp-json\/wp\/v2\/media\/11265"}],"wp:attachment":[{"href":"https:\/\/dev.garden.ee\/en\/wp-json\/wp\/v2\/media?parent=11264"}],"wp:term":[{"taxonomy":"product_brand","embeddable":true,"href":"https:\/\/dev.garden.ee\/en\/wp-json\/wp\/v2\/product_brand?post=11264"},{"taxonomy":"product_cat","embeddable":true,"href":"https:\/\/dev.garden.ee\/en\/wp-json\/wp\/v2\/product_cat?post=11264"},{"taxonomy":"product_tag","embeddable":true,"href":"https:\/\/dev.garden.ee\/en\/wp-json\/wp\/v2\/product_tag?post=11264"}],"curies":[{"name":"wp","href":"https:\/\/api.w.org\/{rel}","templated":true}]}}