{"id":11237,"date":"2023-01-18T18:37:23","date_gmt":"2023-01-18T16:37:23","guid":{"rendered":"https:\/\/dev.zezz.ee\/garden\/toode\/ajuga-reptans-black-scallop\/"},"modified":"2026-02-16T19:41:17","modified_gmt":"2026-02-16T17:41:17","slug":"ajuga-reptans-black-scallop","status":"publish","type":"product","link":"https:\/\/dev.garden.ee\/en\/product\/ajuga-reptans-black-scallop\/","title":{"rendered":"Ajuga reptans &#8216;Black Scallop&#8217;"},"content":{"rendered":"<input class=\"fooboxshare_post_id\" type=\"hidden\" value=\"11237\"\/>","protected":false},"excerpt":{"rendered":"<p>V\u00e4hen\u00f5udlik pinnakatja on huvitav oma peaaegu mustade \u00fcmarate lehtede poolest. Musta v\u00e4rvi intensiivistab p\u00e4ikesepaiste, kuid taim saab ilusti hakkama ka varjus. Ka varjus olles, hakkab madal p\u00fcsik silma, kui kevade l\u00f5pupoole hakkavad \u00f5itsema tema taevasinised \u00f5ied, mis meelitavad liblikaid. Saab hakkama ka vaesemas mullas, peamine, et oleks hea drenaa\u017e. Taim on kompaktse kasvuga, ei ole suur laiutaja, sellep\u00e4rast sobib ideaalselt nt tee\u00e4\u00e4ristajaks, samuti kiviktaimlasse, varju puude alla.<\/p>","protected":false},"featured_media":11238,"template":"","meta":[],"product_brand":[],"product_cat":[4406,9200,4401,4412,22],"product_tag":[],"class_list":{"0":"post-11237","1":"product","2":"type-product","3":"status-publish","4":"has-post-thumbnail","6":"product_cat-park","7":"product_cat-pinnakatjad","8":"product_cat-pusikud","9":"product_cat-varjuaed","10":"product_cat-taimed","11":"pa_haiguskindlus-hea","12":"pa_kasvukorgus-7-15","13":"pa_laius-20-25-cm","14":"pa_lisainfo-hea-pinnakatja","15":"pa_lisainfo-sobib-osalise-varjuga-kasvualale","16":"pa_oie-varv-sinine","17":"pa_oitsemise-aeg-mai-juuni","18":"pa_talvekindlus-vaga-hea","19":"pa_tingimused-hea-drenaaz","20":"pa_tingimused-neutraalne","21":"pa_tsoon-4-9","22":"pa_valguse-tingimused-paike","23":"pa_valguse-tingimused-poolvari","24":"pa_valguse-tingimused-vari","25":"pa_variatsioon-suurem-pott","26":"pa_variatsioon-vaiksem-pott","28":"first","29":"onbackorder","30":"purchasable","31":"product-type-variable"},"acf":[],"_links":{"self":[{"href":"https:\/\/dev.garden.ee\/en\/wp-json\/wp\/v2\/product\/11237","targetHints":{"allow":["GET"]}}],"collection":[{"href":"https:\/\/dev.garden.ee\/en\/wp-json\/wp\/v2\/product"}],"about":[{"href":"https:\/\/dev.garden.ee\/en\/wp-json\/wp\/v2\/types\/product"}],"wp:featuredmedia":[{"embeddable":true,"href":"https:\/\/dev.garden.ee\/en\/wp-json\/wp\/v2\/media\/11238"}],"wp:attachment":[{"href":"https:\/\/dev.garden.ee\/en\/wp-json\/wp\/v2\/media?parent=11237"}],"wp:term":[{"taxonomy":"product_brand","embeddable":true,"href":"https:\/\/dev.garden.ee\/en\/wp-json\/wp\/v2\/product_brand?post=11237"},{"taxonomy":"product_cat","embeddable":true,"href":"https:\/\/dev.garden.ee\/en\/wp-json\/wp\/v2\/product_cat?post=11237"},{"taxonomy":"product_tag","embeddable":true,"href":"https:\/\/dev.garden.ee\/en\/wp-json\/wp\/v2\/product_tag?post=11237"}],"curies":[{"name":"wp","href":"https:\/\/api.w.org\/{rel}","templated":true}]}}