{"id":11213,"date":"2023-01-18T18:37:07","date_gmt":"2023-01-18T16:37:07","guid":{"rendered":"https:\/\/dev.zezz.ee\/garden\/toode\/lychnis-viscaria-splendens\/"},"modified":"2026-03-02T16:29:32","modified_gmt":"2026-03-02T14:29:32","slug":"lychnis-viscaria-splendens","status":"publish","type":"product","link":"https:\/\/dev.garden.ee\/en\/product\/lychnis-viscaria-splendens\/","title":{"rendered":"Lychnis viscaria &#8216;Splendens&#8217;"},"content":{"rendered":"<input class=\"fooboxshare_post_id\" type=\"hidden\" value=\"11213\"\/>","protected":false},"excerpt":{"rendered":"<p>Kaunis maal\u00e4hedane t\u00f5rvalill on p\u00fcstise kasvuga ja erksav\u00e4rviline, lihtsasti kasvatatav, t\u00e4nuv\u00e4\u00e4rne p\u00fcsik. Lehed on pikad, kitsad, moodustavad tiheda madala m\u00e4tta ja p\u00fcsuvad rohelisena kuni k\u00fclmadeni. \u00d5itsema puhkeb juunis ja sobib ka l\u00f5ikelilleks. \u00a0Meeldib liblikatele. \u00c4ra \u00f5itsenud nuppude eemaldamine julgustab taime uuesti \u00f5itsele. K\u00f5ige parema efekti saavutab massina istutades. Taime v\u00f5ib kevadeti jagada.<\/p>","protected":false},"featured_media":11214,"template":"","meta":[],"product_brand":[],"product_cat":[4415,6934,4401,22],"product_tag":[],"class_list":{"0":"post-11213","1":"product","2":"type-product","3":"status-publish","4":"has-post-thumbnail","6":"product_cat-lilleaed","7":"product_cat-mesilassobralik-aed","8":"product_cat-pusikud","9":"product_cat-taimed","10":"pa_moodud-k-35-40-cm-l-30-40-cm","11":"pa_oie-varv-purpurne","12":"pa_oitsemise-aeg-juuni-juuli","13":"pa_talvekindlus-vaga-hea","14":"pa_tsoon-z-3-9","15":"pa_variatsioon-suurem-pott","16":"pa_variatsioon-vaiksem-pott","18":"first","19":"outofstock","20":"purchasable","21":"product-type-variable"},"acf":[],"_links":{"self":[{"href":"https:\/\/dev.garden.ee\/en\/wp-json\/wp\/v2\/product\/11213","targetHints":{"allow":["GET"]}}],"collection":[{"href":"https:\/\/dev.garden.ee\/en\/wp-json\/wp\/v2\/product"}],"about":[{"href":"https:\/\/dev.garden.ee\/en\/wp-json\/wp\/v2\/types\/product"}],"wp:featuredmedia":[{"embeddable":true,"href":"https:\/\/dev.garden.ee\/en\/wp-json\/wp\/v2\/media\/11214"}],"wp:attachment":[{"href":"https:\/\/dev.garden.ee\/en\/wp-json\/wp\/v2\/media?parent=11213"}],"wp:term":[{"taxonomy":"product_brand","embeddable":true,"href":"https:\/\/dev.garden.ee\/en\/wp-json\/wp\/v2\/product_brand?post=11213"},{"taxonomy":"product_cat","embeddable":true,"href":"https:\/\/dev.garden.ee\/en\/wp-json\/wp\/v2\/product_cat?post=11213"},{"taxonomy":"product_tag","embeddable":true,"href":"https:\/\/dev.garden.ee\/en\/wp-json\/wp\/v2\/product_tag?post=11213"}],"curies":[{"name":"wp","href":"https:\/\/api.w.org\/{rel}","templated":true}]}}