{"id":11203,"date":"2023-01-18T18:37:02","date_gmt":"2023-01-18T16:37:02","guid":{"rendered":"https:\/\/dev.zezz.ee\/garden\/toode\/koko-loco\/"},"modified":"2026-02-10T12:38:17","modified_gmt":"2026-02-10T10:38:17","slug":"koko-loco","status":"publish","type":"product","link":"https:\/\/dev.garden.ee\/en\/product\/koko-loco\/","title":{"rendered":"Koko Loco\u00ae \/ Soul Sister\u00ae"},"content":{"rendered":"<input class=\"fooboxshare_post_id\" type=\"hidden\" value=\"11203\"\/>","protected":false},"excerpt":{"rendered":"<p>Unikaalse ning unustamatu v\u00e4rvitooniga palju\u00f5ieline roos. \u00d5ied on alguses roosakaspruunid, hiljem muutuvad lavendlikarva, \u00e4ra \u00f5itsemise perioodis muunduvad uuesti &#8211; \u0161okolaadibee\u017eiks. Klassikalise \u00f5iekuju moodustavad 40+ kroonlehte, avanenud \u00f5ie suuruseks 10cm. Kerge aroom. P\u00f5\u00f5sas tihe, kompaktne, \u00fcmara kujuga, lehed poolmatid, rohelised.<\/p>","protected":false},"featured_media":11204,"template":"","meta":[],"product_brand":[],"product_cat":[9637,4416,4402,22],"product_tag":[],"class_list":{"0":"post-11203","1":"product","2":"type-product","3":"status-publish","4":"has-post-thumbnail","6":"product_cat-istutuskast","7":"product_cat-roosiaed","8":"product_cat-roosid","9":"product_cat-taimed","10":"pa_aretus-christian-bedard","11":"pa_avalikustamisaasta-ameerika-2012","12":"pa_haiguskindlus-hea","13":"pa_kasvukorgus-70-90-cm","14":"pa_laius-60-cm","15":"pa_lisainfo-pilgupuudja","16":"pa_lisainfo-sobilik-istutuskasti-jaoks","17":"pa_lohn-orn","18":"pa_oie-suurus-suur","19":"pa_oie-varv-pruun","20":"pa_oietuup-taidisois","21":"pa_oitsemine-korduvalt-oitsev","22":"pa_sort-floribund-ehk-paljuoieline-roos","23":"pa_taimede-arvestus-ruutmeetri-4-5","24":"pa_talvekindlus-hea","25":"pa_variatsioon-paljasjuurne-ainult-kevadel","26":"pa_variatsioon-potis-4-6l","27":"pa_variatsioon-potis-4-6l-suvel-ja-sugisel","29":"first","30":"outofstock","31":"purchasable","32":"product-type-variable"},"acf":[],"_links":{"self":[{"href":"https:\/\/dev.garden.ee\/en\/wp-json\/wp\/v2\/product\/11203","targetHints":{"allow":["GET"]}}],"collection":[{"href":"https:\/\/dev.garden.ee\/en\/wp-json\/wp\/v2\/product"}],"about":[{"href":"https:\/\/dev.garden.ee\/en\/wp-json\/wp\/v2\/types\/product"}],"wp:featuredmedia":[{"embeddable":true,"href":"https:\/\/dev.garden.ee\/en\/wp-json\/wp\/v2\/media\/11204"}],"wp:attachment":[{"href":"https:\/\/dev.garden.ee\/en\/wp-json\/wp\/v2\/media?parent=11203"}],"wp:term":[{"taxonomy":"product_brand","embeddable":true,"href":"https:\/\/dev.garden.ee\/en\/wp-json\/wp\/v2\/product_brand?post=11203"},{"taxonomy":"product_cat","embeddable":true,"href":"https:\/\/dev.garden.ee\/en\/wp-json\/wp\/v2\/product_cat?post=11203"},{"taxonomy":"product_tag","embeddable":true,"href":"https:\/\/dev.garden.ee\/en\/wp-json\/wp\/v2\/product_tag?post=11203"}],"curies":[{"name":"wp","href":"https:\/\/api.w.org\/{rel}","templated":true}]}}