{"id":11179,"date":"2023-01-18T18:36:48","date_gmt":"2023-01-18T16:36:48","guid":{"rendered":"https:\/\/dev.zezz.ee\/garden\/toode\/englands-rose\/"},"modified":"2026-02-10T16:17:42","modified_gmt":"2026-02-10T14:17:42","slug":"englands-rose","status":"publish","type":"product","link":"https:\/\/dev.garden.ee\/en\/product\/englands-rose\/","title":{"rendered":"England&#8217;s Rose"},"content":{"rendered":"<input class=\"fooboxshare_post_id\" type=\"hidden\" value=\"11179\"\/>","protected":false},"excerpt":{"rendered":"<p>S\u00fcgavroosad \u00f5ied ilmuvad kobaratena ja \u00f5itsevad vahet pidamata k\u00fclmadeni. K\u00fclluslikult t\u00e4idetud kausjas \u00f5is on tugevalt aromaatne, \u00fchalt v\u00fcrtsikas, teisalt vana roos. \u00d5ie arenedes keerduvad v\u00e4limised kroonlehed veidi v\u00e4ljapoole ja kroonlehtede vahus v\u00f5ib m\u00e4rgata ka nupukujulist \u00f5ies\u00fcdamikku. Suurep\u00e4rase haiguskindlusega roos, \u00f5ied ei karda ka pikemaajalist vihmaperioodi, kroonlehed ei kleepu nuppu, on hea isepuhastusv\u00f5imega. P\u00f5\u00f5sas on tihe, kompaktne.<\/p>\n<p><span style=\"color: #ff0000;\">PALJASJUURSETE ETTETELLIMINE, V\u00c4LJASTAMINE APRILLI KESKPAIGAST<\/span><\/p>","protected":false},"featured_media":11180,"template":"","meta":[],"product_brand":[],"product_cat":[4395,9637,4416,4402,22],"product_tag":[],"class_list":{"0":"post-11179","1":"product","2":"type-product","3":"status-publish","4":"has-post-thumbnail","6":"product_cat-hekid","7":"product_cat-istutuskast","8":"product_cat-roosiaed","9":"product_cat-roosid","10":"product_cat-taimed","11":"pa_aretus-david-austin","12":"pa_avalikustamisaasta-uhendkuningriik-2010","13":"pa_haiguskindlus-vaga-hea","14":"pa_kasvukorgus-90-cm","15":"pa_laius-100-cm","16":"pa_lisainfo-ideaalne-heki-loomiseks","17":"pa_lisainfo-sobilik-istutuskasti-jaoks","18":"pa_lisainfo-sobib-osalise-varjuga-kasvualale","19":"pa_lohn-keskmine","20":"pa_lohn-vana-roos","21":"pa_oie-suurus-keskmine","22":"pa_oie-varv-roosa","23":"pa_oietuup-taidisois","24":"pa_oitsemine-korduvalt-oitsev","25":"pa_sort-poosasroos","26":"pa_taimede-arvestus-ruutmeetri-9220","27":"pa_talvekindlus-hea","28":"pa_variatsioon-paljasjuurne-ainult-kevadel","29":"pa_variatsioon-potis-4-6l","30":"pa_variatsioon-potis-4-6l-suvel-ja-sugisel","32":"first","33":"outofstock","34":"purchasable","35":"product-type-variable"},"acf":[],"_links":{"self":[{"href":"https:\/\/dev.garden.ee\/en\/wp-json\/wp\/v2\/product\/11179","targetHints":{"allow":["GET"]}}],"collection":[{"href":"https:\/\/dev.garden.ee\/en\/wp-json\/wp\/v2\/product"}],"about":[{"href":"https:\/\/dev.garden.ee\/en\/wp-json\/wp\/v2\/types\/product"}],"wp:featuredmedia":[{"embeddable":true,"href":"https:\/\/dev.garden.ee\/en\/wp-json\/wp\/v2\/media\/11180"}],"wp:attachment":[{"href":"https:\/\/dev.garden.ee\/en\/wp-json\/wp\/v2\/media?parent=11179"}],"wp:term":[{"taxonomy":"product_brand","embeddable":true,"href":"https:\/\/dev.garden.ee\/en\/wp-json\/wp\/v2\/product_brand?post=11179"},{"taxonomy":"product_cat","embeddable":true,"href":"https:\/\/dev.garden.ee\/en\/wp-json\/wp\/v2\/product_cat?post=11179"},{"taxonomy":"product_tag","embeddable":true,"href":"https:\/\/dev.garden.ee\/en\/wp-json\/wp\/v2\/product_tag?post=11179"}],"curies":[{"name":"wp","href":"https:\/\/api.w.org\/{rel}","templated":true}]}}