{"id":11174,"date":"2023-01-18T18:36:45","date_gmt":"2023-01-18T16:36:45","guid":{"rendered":"https:\/\/dev.zezz.ee\/garden\/toode\/imogen\/"},"modified":"2026-02-06T14:45:08","modified_gmt":"2026-02-06T12:45:08","slug":"imogen","status":"publish","type":"product","link":"https:\/\/dev.garden.ee\/en\/product\/imogen\/","title":{"rendered":"Imogen"},"content":{"rendered":"<input class=\"fooboxshare_post_id\" type=\"hidden\" value=\"11174\"\/>","protected":false},"excerpt":{"rendered":"<p data-start=\"0\" data-end=\"252\">Kannab kauneid, kergelt l\u00f5hnavaid kahvatukollaseid \u00f5isi, mis vananedes helenevad peaaegu kreemjaks. \u00dcmber nupu-kujulise s\u00fcdame avanevad madalaks t\u00e4idis\u00f5ieks \u00f5rnad frillitud kroonlehed. Taim moodustab tugeva, \u00fcsna p\u00fcstise p\u00f5\u00f5sa, l\u00e4ikiva lehestikuga.<\/p>\n<p data-start=\"0\" data-end=\"252\">Sobib kasutamiseks l\u00f5ikelilleks, roosihekiks ja osalise varjuga kasvualale.<\/p>\n<p data-start=\"254\" data-end=\"348\" data-is-last-node=\"\" data-is-only-node=\"\">Nimi \u201eImogen\u201c on inspireeritud William Shakespeare\u2019i n\u00e4idendi <em data-start=\"64\" data-end=\"75\">Cymbeline<\/em> tegelastest \u2013 Cymbeline kuninga t\u00fctrest ja Posthumuse vooruslikust naisest.<\/p>\n<div class=\"woocommerce-product-details__short-description\">\n<div class=\"woocommerce-product-details__short-description\">\n<p><span style=\"color: #ff0000;\">ETTETELLIMINE, V\u00c4LJASTAMINE APRILLI KESKPAIGAST<\/span><\/p>\n<\/div>\n<\/div>","protected":false},"featured_media":11175,"template":"","meta":[],"product_brand":[],"product_cat":[4395,4415,4413,4416,4402,22],"product_tag":[],"class_list":{"0":"post-11174","1":"product","2":"type-product","3":"status-publish","4":"has-post-thumbnail","6":"product_cat-hekid","7":"product_cat-lilleaed","8":"product_cat-loikelilleaed","9":"product_cat-roosiaed","10":"product_cat-roosid","11":"product_cat-taimed","12":"pa_aretus-david-austin","13":"pa_avalikustamisaasta-2453","14":"pa_haiguskindlus-vaga-hea","15":"pa_kasvukorgus-90-cm","16":"pa_laius-90-cm","17":"pa_lisainfo-ideaalne-heki-loomiseks","18":"pa_lisainfo-sobib-loikelilleks","19":"pa_lisainfo-sobib-osalise-varjuga-kasvualale","20":"pa_lohn-keskmine","21":"pa_lohn-puuviljane","22":"pa_oie-suurus-keskmine","23":"pa_oie-varv-kahvatukollane","24":"pa_oietuup-taidisois","25":"pa_oitsemine-korduvalt-oitsev","26":"pa_sort-poosasroos","27":"pa_taimede-arvestus-ruutmeetri-9220","28":"pa_talvekindlus-vaga-hea","29":"pa_variatsioon-paljasjuurne-ainult-kevadel","30":"pa_variatsioon-potis-4-6l","31":"pa_variatsioon-potis-4-6l-suvel-ja-sugisel","33":"first","34":"outofstock","35":"purchasable","36":"product-type-variable"},"acf":[],"_links":{"self":[{"href":"https:\/\/dev.garden.ee\/en\/wp-json\/wp\/v2\/product\/11174","targetHints":{"allow":["GET"]}}],"collection":[{"href":"https:\/\/dev.garden.ee\/en\/wp-json\/wp\/v2\/product"}],"about":[{"href":"https:\/\/dev.garden.ee\/en\/wp-json\/wp\/v2\/types\/product"}],"wp:featuredmedia":[{"embeddable":true,"href":"https:\/\/dev.garden.ee\/en\/wp-json\/wp\/v2\/media\/11175"}],"wp:attachment":[{"href":"https:\/\/dev.garden.ee\/en\/wp-json\/wp\/v2\/media?parent=11174"}],"wp:term":[{"taxonomy":"product_brand","embeddable":true,"href":"https:\/\/dev.garden.ee\/en\/wp-json\/wp\/v2\/product_brand?post=11174"},{"taxonomy":"product_cat","embeddable":true,"href":"https:\/\/dev.garden.ee\/en\/wp-json\/wp\/v2\/product_cat?post=11174"},{"taxonomy":"product_tag","embeddable":true,"href":"https:\/\/dev.garden.ee\/en\/wp-json\/wp\/v2\/product_tag?post=11174"}],"curies":[{"name":"wp","href":"https:\/\/api.w.org\/{rel}","templated":true}]}}