{"id":11157,"date":"2023-01-18T18:36:35","date_gmt":"2023-01-18T16:36:35","guid":{"rendered":"https:\/\/dev.zezz.ee\/garden\/toode\/acaena-inermis-purpurea\/"},"modified":"2026-02-16T19:03:20","modified_gmt":"2026-02-16T17:03:20","slug":"acaena-inermis-purpurea","status":"publish","type":"product","link":"https:\/\/dev.garden.ee\/en\/product\/acaena-inermis-purpurea\/","title":{"rendered":"Acaena inermis &#8216;Purpurea&#8217;"},"content":{"rendered":"<input class=\"fooboxshare_post_id\" type=\"hidden\" value=\"11157\"\/>","protected":false},"excerpt":{"rendered":"<p>Kergesti kasvatatav kiviktaimla p\u00fcsik. V\u00e4iksed \u00fcmarad lehed on purpursetes toonides ning sulgja, pehme tekstuuriga. Suve l\u00f5pupoole ilmuvad v\u00e4ga v\u00e4iksed pruunid \u00f5ied. Sobib ronima ka seina peale.<\/p>\n<p>Hooldus: Kuna tegemist on k\u00fcllaltki invasiivse taimega, siis selleks, et takistada liigset levikut tuleks kasve regulaarselt piirata. Jagada on lihtne: kevadel v\u00f5i varas\u00fcgisel t\u00f5mmata taime k\u00fcljest vajaliku suuresega puhmaid.<\/p>","protected":false},"featured_media":11158,"template":"","meta":[],"product_brand":[],"product_cat":[4415,9200,4401,22],"product_tag":[],"class_list":{"0":"post-11157","1":"product","2":"type-product","3":"status-publish","4":"has-post-thumbnail","6":"product_cat-lilleaed","7":"product_cat-pinnakatjad","8":"product_cat-pusikud","9":"product_cat-taimed","10":"pa_haiguskindlus-hea","11":"pa_kasvukorgus-5-10-cm","12":"pa_laius-30-60-cm","13":"pa_lisainfo-hea-pinnakatja","14":"pa_oie-varv-pruun","15":"pa_oitsemise-aeg-august","16":"pa_talvekindlus-vaga-hea","17":"pa_tingimused-kuivema-poolsem","18":"pa_tsoon-5-9","19":"pa_valguse-tingimused-paike","20":"pa_valguse-tingimused-poolvari","21":"pa_variatsioon-suurem-pott","22":"pa_variatsioon-vaiksem-pott","24":"first","25":"onbackorder","26":"purchasable","27":"product-type-variable"},"acf":[],"_links":{"self":[{"href":"https:\/\/dev.garden.ee\/en\/wp-json\/wp\/v2\/product\/11157","targetHints":{"allow":["GET"]}}],"collection":[{"href":"https:\/\/dev.garden.ee\/en\/wp-json\/wp\/v2\/product"}],"about":[{"href":"https:\/\/dev.garden.ee\/en\/wp-json\/wp\/v2\/types\/product"}],"wp:featuredmedia":[{"embeddable":true,"href":"https:\/\/dev.garden.ee\/en\/wp-json\/wp\/v2\/media\/11158"}],"wp:attachment":[{"href":"https:\/\/dev.garden.ee\/en\/wp-json\/wp\/v2\/media?parent=11157"}],"wp:term":[{"taxonomy":"product_brand","embeddable":true,"href":"https:\/\/dev.garden.ee\/en\/wp-json\/wp\/v2\/product_brand?post=11157"},{"taxonomy":"product_cat","embeddable":true,"href":"https:\/\/dev.garden.ee\/en\/wp-json\/wp\/v2\/product_cat?post=11157"},{"taxonomy":"product_tag","embeddable":true,"href":"https:\/\/dev.garden.ee\/en\/wp-json\/wp\/v2\/product_tag?post=11157"}],"curies":[{"name":"wp","href":"https:\/\/api.w.org\/{rel}","templated":true}]}}